{"id":1576,"date":"2021-04-09T11:14:15","date_gmt":"2021-04-09T15:14:15","guid":{"rendered":"https:\/\/mrex.course.studio\/?page_id=1576"},"modified":"2021-04-09T11:14:15","modified_gmt":"2021-04-09T15:14:15","slug":"terms-of-use","status":"publish","type":"page","link":"https:\/\/mrex.course.studio\/en\/terms-of-use\/","title":{"rendered":"Terms of use"},"content":{"rendered":"\n<section class=\"single-col-block\">\n    <div class=\"container\">\n        <div class=\"row space-center\">\n            <div class=\"col-md-8 rte\">\n                <h2 class=\"single-col-block__headline\">Terms of use<\/h2>\n                <div class=\"single-col-block__headline\"><p>Carefully read the following terms of use before using this Web site. By using this Web site, you signify your consent to the terms of use of this agreement (Agreement). This Web site is owned and operated by MREX\u00a0and may be used by you only for personal and non-commercial purposes. You are not authorized to change, adapt, rearrange, reformulate, or decrypt the content of this site, in any way whatsoever.<\/p>\n<p>Unless otherwise specified, the materials on this site are presented solely for the purpose of promoting\u00a0MREX products and services.<\/p>\n<p>MREX\u00a0makes no representation that materials, products, or services depicted on this site are appropriate or available in all locations.<\/p>\n<p>The materials contained on or accessible through this Web site (including, without limitation, all digital images, products, and services offered by MREX) shall not be used, redistributed, broadcast, published, copied to any other media, or reproduced for any purpose other than for personal, educational, and non-commercial purposes without the prior written consent of MREX. These materials must not be altered, distorted, or used in any way that is detrimental to MREX\u2019s image or reputation. The copyright in these materials is owned by\u00a0MREX or is used by\u00a0MREX with the permission of the owner. MREX does not represent or warrant that such materials do not infringe the rights of others. Nothing contained herein shall be construed as granting, explicitly or implicitly, any license or other right to use these materials other than in accordance with the terms contained herein.<\/p>\n<h2>LIABILITY<\/h2>\n<p>This Web site and all the information it contains are provided \u201cas is\u201d without warranty of any kind, expressed or implied, including, but not limited to, implied warranties of merchantability, fitness for a particular purpose, or non-infringement. In no event, regarding this Web site or any other hyperlinked Web sites, will\u00a0MREX be liable to any party for any damages or injuries caused by (including, but not limited to) any failure of performance, error, omission, direct, indirect, special, or other consequential damages, including, without limitations, any lost profits, business interruptions, loss of programs, or other data on your information handling system or otherwise, even if we are expressly advised of the possibility of such damages.<\/p>\n<p>Information on this Web site could include technical inaccuracies or typographical errors. Changes may be made periodically to the information on this Web site and to the products and services it represents.\u00a0MREX does not warrant that this Web site will be available and accessible at all times. It is up to you to take precautions to protect yourself from items such as viruses and other items of a destructive nature.<\/p>\n<h2>TRADEMARKS<\/h2>\n<p>You must obtain written consent from\u00a0MREX before using any\u00a0MREX trademarks.<\/p>\n<p>Other trade names and trademarks present on the site appear with the permission of their respective owners, or appear under principles of \u201cfair use\u201d or \u201cnominal use.\u201d Unless otherwise noted, by using a third-party trademark or trade name on this site, we do not intend to suggest any affiliation with or endorsement of such a third party or its products or services, and we hereby expressly disclaim any such affiliation or endorsement.<\/p>\n<h2>LINKS TO THE\u00a0MREX WEB SITE<\/h2>\n<p>In the event that you wish to link or republish a document posted on the\u00a0MREX site on your Web site, you shall do so by posting a link to MREX\u2019s Web site in accordance with the terms of this section. Unless otherwise set forth in a written agreement between you and MREX, you agree that such links shall be in accordance with the following:<\/p>\n<ol>\n<li>The appearance of the link must not damage or dilute the goodwill associated with MREX.<\/li>\n<li>The appearance, position, and other attributes of the link may not create the false appearance that your organization or entity is sponsored by, affiliated to, or associated with MREX unless you actually are and, in such an event, the appearance, position, and other attributes of the link must not confuse users as to your actual relationship with MREX.<\/li>\n<li>When selected by a user, the link must display the\u00a0MREX Web site on its own and not within a frame on the linking Web site.<\/li>\n<li>MREX\u00a0reserves the right to request removing or modifying the link at any time and at its sole discretion.<\/li>\n<\/ol>\n<h2>EXTERNAL LINKS<\/h2>\n<p>When you access non-MREX Web sites through the\u00a0MREX Web site, understand that these Web sites are independent from MREX, that MREX has no control over the content of these Web sites, and that\u00a0MREX gives no warranty regarding such Web sites.<\/p>\n<h2>JURISDICTIONAL ISSUES<\/h2>\n<p>The present agreement is governed by and shall be construed in accordance with the laws of the Province of Qu\u00e9bec without giving effect to any principles of conflicts of law. The parties have designated the District of Qu\u00e9bec, Province of Qu\u00e9bec, as the jurisdiction for any litigation arising in connection herewith. If any provision of the present agreement is unlawful, void, or unenforceable for any reason, then that provision shall be deemed severable from the present agreement and shall not affect the validity or enforceability of any remaining provisions. The present agreement constitutes the entire agreement between the parties relating to the subject matter hereof and shall not be modified except in a writing signed by both parties.<\/p>\n<\/div>\n            <\/div>\n        <\/div>\n    <\/div>\n<\/section>","protected":false},"excerpt":{"rendered":"","protected":false},"author":4,"featured_media":0,"parent":0,"menu_order":0,"comment_status":"closed","ping_status":"closed","template":"","meta":{"footnotes":""},"class_list":["post-1576","page","type-page","status-publish","hentry"],"yoast_head":"<!-- This site is optimized with the Yoast SEO plugin v16.0.2 - https:\/\/yoast.com\/wordpress\/plugins\/seo\/ -->\n<title>Terms of use - MREX<\/title>\n<meta property=\"og:locale\" content=\"en_US\" \/>\n<meta property=\"og:type\" content=\"article\" \/>\n<meta property=\"og:title\" content=\"Terms of use - MREX\" \/>\n<meta property=\"og:url\" content=\"https:\/\/mrex.course.studio\/en\/terms-of-use\/\" \/>\n<meta property=\"og:site_name\" content=\"MREX\" \/>\n<meta property=\"og:image\" content=\"https:\/\/mrex.course.studio\/wp-content\/uploads\/2021\/05\/homepage-hero.jpg\" \/>\n\t<meta property=\"og:image:width\" content=\"1440\" \/>\n\t<meta property=\"og:image:height\" content=\"810\" \/>\n<meta name=\"twitter:card\" content=\"summary_large_image\" \/>\n<script type=\"application\/ld+json\" class=\"yoast-schema-graph\">{\"@context\":\"https:\/\/schema.org\",\"@graph\":[{\"@type\":\"WebSite\",\"@id\":\"https:\/\/mrex.course.studio\/en\/#website\",\"url\":\"https:\/\/mrex.course.studio\/en\/\",\"name\":\"MREX\",\"description\":\"\",\"potentialAction\":[{\"@type\":\"SearchAction\",\"target\":\"https:\/\/mrex.course.studio\/en\/?s={search_term_string}\",\"query-input\":\"required name=search_term_string\"}],\"inLanguage\":\"en-US\"},{\"@type\":\"WebPage\",\"@id\":\"https:\/\/mrex.course.studio\/en\/terms-of-use\/#webpage\",\"url\":\"https:\/\/mrex.course.studio\/en\/terms-of-use\/\",\"name\":\"Terms of use - MREX\",\"isPartOf\":{\"@id\":\"https:\/\/mrex.course.studio\/en\/#website\"},\"datePublished\":\"2021-04-09T15:14:15+00:00\",\"dateModified\":\"2021-04-09T15:14:15+00:00\",\"breadcrumb\":{\"@id\":\"https:\/\/mrex.course.studio\/en\/terms-of-use\/#breadcrumb\"},\"inLanguage\":\"en-US\",\"potentialAction\":[{\"@type\":\"ReadAction\",\"target\":[\"https:\/\/mrex.course.studio\/en\/terms-of-use\/\"]}]},{\"@type\":\"BreadcrumbList\",\"@id\":\"https:\/\/mrex.course.studio\/en\/terms-of-use\/#breadcrumb\",\"itemListElement\":[{\"@type\":\"ListItem\",\"position\":1,\"item\":{\"@type\":\"WebPage\",\"@id\":\"\/\",\"url\":\"\/\",\"name\":\"Home\"}},{\"@type\":\"ListItem\",\"position\":2,\"item\":{\"@type\":\"WebPage\",\"@id\":\"https:\/\/mrex.course.studio\/en\/terms-of-use\/\",\"url\":\"https:\/\/mrex.course.studio\/en\/terms-of-use\/\",\"name\":\"Terms of use\"}}]}]}<\/script>\n<!-- \/ Yoast SEO plugin. -->","_links":{"self":[{"href":"https:\/\/mrex.course.studio\/en\/wp-json\/wp\/v2\/pages\/1576","targetHints":{"allow":["GET"]}}],"collection":[{"href":"https:\/\/mrex.course.studio\/en\/wp-json\/wp\/v2\/pages"}],"about":[{"href":"https:\/\/mrex.course.studio\/en\/wp-json\/wp\/v2\/types\/page"}],"author":[{"embeddable":true,"href":"https:\/\/mrex.course.studio\/en\/wp-json\/wp\/v2\/users\/4"}],"replies":[{"embeddable":true,"href":"https:\/\/mrex.course.studio\/en\/wp-json\/wp\/v2\/comments?post=1576"}],"version-history":[{"count":2,"href":"https:\/\/mrex.course.studio\/en\/wp-json\/wp\/v2\/pages\/1576\/revisions"}],"predecessor-version":[{"id":1578,"href":"https:\/\/mrex.course.studio\/en\/wp-json\/wp\/v2\/pages\/1576\/revisions\/1578"}],"wp:attachment":[{"href":"https:\/\/mrex.course.studio\/en\/wp-json\/wp\/v2\/media?parent=1576"}],"curies":[{"name":"wp","href":"https:\/\/api.w.org\/{rel}","templated":true}]}}