{"id":1547,"date":"2021-04-09T10:52:23","date_gmt":"2021-04-09T14:52:23","guid":{"rendered":"https:\/\/mrex.course.studio\/?page_id=1547"},"modified":"2021-04-09T10:58:43","modified_gmt":"2021-04-09T14:58:43","slug":"conditions-dutilisation","status":"publish","type":"page","link":"https:\/\/mrex.course.studio\/fr\/conditions-dutilisation\/","title":{"rendered":"Conditions d&rsquo;utilisation"},"content":{"rendered":"\n<section class=\"single-col-block\">\n    <div class=\"container\">\n        <div class=\"row space-center\">\n            <div class=\"col-md-8 rte\">\n                <h2 class=\"single-col-block__headline\">Conditions d&rsquo;utilisation<\/h2>\n                <div class=\"single-col-block__headline\"><p>Lisez attentivement les modalit\u00e9s suivantes avant d\u2019utiliser le pr\u00e9sent site Web. L\u2019utilisation de ce site Web signifie que vous acceptez les conditions d\u2019utilisation de la pr\u00e9sente entente (Entente). Ce site est la propri\u00e9t\u00e9 et exploit\u00e9 par MREX\u00a0et vous ne pouvez l\u2019utiliser qu\u2019\u00e0 des fins personnelles et non commerciales. Vous n\u2019\u00eates pas autoris\u00e9s \u00e0 modifier, adapter, r\u00e9organiser, reformuler ou d\u00e9coder le contenu de ce site, de quelque mani\u00e8re que ce soit.<\/p>\n<p>\u00c0 moins d\u2019avis contraire, le mat\u00e9riel diffus\u00e9 sur ce site est pr\u00e9sent\u00e9 uniquement \u00e0 des fins de promotion des produits et services de MREX.<\/p>\n<p>MREX\u00a0ne fait aucune d\u00e9claration selon laquelle le mat\u00e9riel, les produits et les services d\u00e9crits sur ce site sont convenables ou disponibles partout.<\/p>\n<p>Le mat\u00e9riel qui appara\u00eet ou est accessible sur ce site Web (ce qui inclus, sans s\u2019y restreindre, toutes les images num\u00e9riques, produits et services offerts par MREX) ne doit pas \u00eatre utilis\u00e9, redistribu\u00e9, diffus\u00e9, publi\u00e9, ou copi\u00e9 sur un autre support, ni reproduit \u00e0 d\u2019autre fins qu\u2019\u00e9ducatives, personnelles et non commerciales sans le consentement \u00e9crit et pr\u00e9alable de MREX. Ce mat\u00e9riel ne doit pas \u00eatre modifi\u00e9, ni d\u00e9form\u00e9, ni utilis\u00e9 de fa\u00e7on pr\u00e9judiciable \u00e0 l\u2019image et \u00e0 la r\u00e9putation de MREX. Les droits d\u2019auteur sur ce mat\u00e9riel appartient \u00e0\u00a0MREX ou est utilis\u00e9 par\u00a0MREX avec la permission du titulaire des droits d\u2019auteur.\u00a0MREX ne fait aucune d\u00e9claration et n\u2019offre aucune garantie que ce mat\u00e9riel ne viole pas les droits des autres. Aucune disposition de la pr\u00e9sente ne peut \u00eatre interpr\u00e9t\u00e9e comme octroyant, explicitement ou implicitement, une licence ou tout autre droit d\u2019utiliser le mat\u00e9riel autrement qu\u2019en conformit\u00e9 avec les conditions \u00e9nonc\u00e9es dans la pr\u00e9sente.<\/p>\n<h2>RESPONSABILIT\u00c9S<\/h2>\n<p>Ce site Web et tous les renseignements y figurant sont fournis \u00ab tels quels \u00bb, sans garantie d\u2019aucune nature, ni expresse, ni implicite, y compris, sans s\u2019y restreindre, les garanties implicites de la qualit\u00e9 marchande, de conformit\u00e9 \u00e0 des besoins particuliers ou d\u2019absence de contrefa\u00e7on.\u00a0MREX ne sera, relativement \u00e0 ce site Web ou \u00e0 quelque autre site reli\u00e9, en aucune circonstance responsable \u00e0 l\u2019\u00e9gard d\u2019aucune partie pour aucun dommage ou pr\u00e9judice attribuable \u00e0 (y compris, sans s\u2019y restreindre) un d\u00e9faut d\u2019ex\u00e9cution, une erreur, une omission, ni pour un dommage particulier ou autre dommage cons\u00e9quent, direct ou indirect, y compris, sans s\u2019y restreindre, une perte de b\u00e9n\u00e9fices, une interruption des activit\u00e9, la perte de programmes ou d\u2019autres donn\u00e9es contenus dans votre syst\u00e8me de gestion de l\u2019information ou tenus autrement, m\u00eame si nous sommes express\u00e9ment avis\u00e9s de la possibilit\u00e9 de tels dommages.<\/p>\n<p>L\u2019information qui figure sur ce site Web pourrait contenir des inexactitudes techniques ou des fautes de frappe. Des modifications peuvent p\u00e9riodiquement \u00eatre apport\u00e9es \u00e0 l\u2019information contenue sur ce site Web et aux produits et services qu\u2019il repr\u00e9sente.\u00a0MREX n\u2019offre aucune garantie que ce site Web sera disponible et accessible en tout temps. Il vous incombe de prendre les pr\u00e9cautions n\u00e9cessaires pour vous prot\u00e9ger d\u2019\u00e9l\u00e9ments tels des virus et autres \u00e9l\u00e9ments de nature destructrice.<\/p>\n<h2>MARQUES DE COMMERCE<\/h2>\n<p>Vous devez obtenir le consentement e\u0301crit de MREX avant d\u2019utiliser les marques de commerce de MREX.<\/p>\n<p>Toutes les autres d\u00e9nominations commerciales ou marques de commerce apparaissent sur ce site avec la permission de leurs propri\u00e9taires respectifs ou en vertu du principe d\u2019utilisation \u00e9quitable ou nominale. \u00c0 moins d\u2019indications contraires, par l\u2019utilisation sur ce site d\u2019une d\u00e9nomination commerciale ou d\u2019une marque de commerce d\u2019une compagnie tierce,\u00a0MREX ne cherche pas \u00e0 \u00e9tablir quelque avenant ou affiliation que ce soit avec cette compagnie tierce, ses produits ou services et, par la pr\u00e9sente, renonce express\u00e9ment \u00e0 de tels avenants ou affiliations.<\/p>\n<h2>LIENS VERS LE SITE WEB\u00a0DE MREX<\/h2>\n<p>Si vous d\u00e9sirez ins\u00e9rer un lien ou rendre accessible sur votre site Web un document qui a \u00e9t\u00e9 publi\u00e9 sur le site Web de MREX, vous devrez proc\u00e9der par l\u2019insertion d\u2019un lien vers le site Web\u00a0de MREX conform\u00e9ment aux conditions de la pr\u00e9sente section. \u00c0 moins d\u2019une entente \u00e0 l\u2019effet contraire entre vous et MREX, vous acceptez que de tels liens respectent les dispositions suivantes :<\/p>\n<ol>\n<li>La pr\u00e9sence du lien ne doit pas endommager ou diluer l\u2019achalandage rattach\u00e9 \u00e0 MREX.<\/li>\n<li>L\u2019apparence, le positionnement et tout autre attribut du lien ne doit pas permettre d\u2019induire que votre compagnie ou votre entreprise est commandit\u00e9e, affili\u00e9e ou associ\u00e9e \u00e0 MREX, sauf si elle l\u2019est v\u00e9ritablement, suivant quoi l\u2019apparence, le positionnement ou tout autre attribut du lien ne doit pas induire les utilisateurs en erreur quant \u00e0 la r\u00e9elle teneur de votre relation avec MREX.<\/li>\n<li>Lorsque s\u00e9lectionn\u00e9 par un utilisateur, le lien doit ouvrir une page enti\u00e8re du site Web\u00a0de MREX et non une fen\u00eatre comprim\u00e9e apparaissant sur le site Web de l\u2019utilisateur.<\/li>\n<li>MREX\u00a0se r\u00e9serve le droit d\u2019exiger le retrait ou la modification d\u2019un lien \u00e0 tout moment et \u00e0 son enti\u00e8re discr\u00e9tion.<\/li>\n<\/ol>\n<h2>LIENS EXTERNES<\/h2>\n<p>Lorsque vous acc\u00e9dez \u00e0 des sites Web n\u2019appartenant pas \u00e0 MREX, y compris par l\u2019interm\u00e9diaire du site Web de MREX, veuillez garder \u00e0 l\u2019esprit que ceux-ci sont ind\u00e9pendants\u00a0de MREX et que MREX n\u2019exerce aucun contr\u00f4le sur la teneur de ces sites Web et n\u2019offre aucune garantie \u00e0 leur sujet.<\/p>\n<h2>COMP\u00c9TENCE<\/h2>\n<p>La pr\u00e9sente est r\u00e9gie et doit \u00eatre interpr\u00e9t\u00e9e conform\u00e9ment aux lois de la province de Qu\u00e9bec, sans donner effet \u00e0 quelque principe relatif aux conflits de lois. Les parties d\u00e9signent le district de Qu\u00e9bec, province de Qu\u00e9bec, comme \u00e9tant le district comp\u00e9tent relativement \u00e0 tout litige qui pourrait survenir en lien avec la pr\u00e9sente. Advenant qu\u2019une condition quelconque de la pr\u00e9sente entente soit contraire \u00e0 la loi, nulle ou non ex\u00e9cutoire pour quelque motif, ladite condition sera r\u00e9put\u00e9e divisible de cette entente et n\u2019aura pas d\u2019incidence sur la validit\u00e9 ou le caract\u00e8re ex\u00e9cutoire des autres conditions. La pr\u00e9sente constitue l\u2019entente compl\u00e8te intervenue entre les parties relativement \u00e0 l\u2019objet de la pr\u00e9sente, et ne pourra \u00eatre modifi\u00e9e que par \u00e9crit et signature des deux parties.<\/p>\n<\/div>\n            <\/div>\n        <\/div>\n    <\/div>\n<\/section>","protected":false},"excerpt":{"rendered":"","protected":false},"author":2,"featured_media":0,"parent":0,"menu_order":0,"comment_status":"closed","ping_status":"closed","template":"","meta":{"footnotes":""},"class_list":["post-1547","page","type-page","status-publish","hentry"],"yoast_head":"<!-- This site is optimized with the Yoast SEO plugin v16.0.2 - https:\/\/yoast.com\/wordpress\/plugins\/seo\/ -->\n<title>Conditions d&#039;utilisation - MREX<\/title>\n<meta property=\"og:locale\" content=\"fr_FR\" \/>\n<meta property=\"og:type\" content=\"article\" \/>\n<meta property=\"og:title\" content=\"Conditions d&#039;utilisation - MREX\" \/>\n<meta property=\"og:url\" content=\"https:\/\/mrex.course.studio\/fr\/conditions-dutilisation\/\" \/>\n<meta property=\"og:site_name\" content=\"MREX\" \/>\n<meta property=\"article:modified_time\" content=\"2021-04-09T14:58:43+00:00\" \/>\n<meta property=\"og:image\" content=\"https:\/\/mrex.course.studio\/wp-content\/uploads\/2021\/05\/homepage-hero.jpg\" \/>\n\t<meta property=\"og:image:width\" content=\"1440\" \/>\n\t<meta property=\"og:image:height\" content=\"810\" \/>\n<meta name=\"twitter:card\" content=\"summary_large_image\" \/>\n<script type=\"application\/ld+json\" class=\"yoast-schema-graph\">{\"@context\":\"https:\/\/schema.org\",\"@graph\":[{\"@type\":\"WebSite\",\"@id\":\"http:\/\/44.231.215.205\/fr\/#website\",\"url\":\"http:\/\/44.231.215.205\/fr\/\",\"name\":\"MREX\",\"description\":\"\",\"potentialAction\":[{\"@type\":\"SearchAction\",\"target\":\"http:\/\/44.231.215.205\/fr\/?s={search_term_string}\",\"query-input\":\"required name=search_term_string\"}],\"inLanguage\":\"fr-FR\"},{\"@type\":\"WebPage\",\"@id\":\"https:\/\/mrex.course.studio\/fr\/conditions-dutilisation\/#webpage\",\"url\":\"https:\/\/mrex.course.studio\/fr\/conditions-dutilisation\/\",\"name\":\"Conditions d'utilisation - MREX\",\"isPartOf\":{\"@id\":\"http:\/\/44.231.215.205\/fr\/#website\"},\"datePublished\":\"2021-04-09T14:52:23+00:00\",\"dateModified\":\"2021-04-09T14:58:43+00:00\",\"breadcrumb\":{\"@id\":\"https:\/\/mrex.course.studio\/fr\/conditions-dutilisation\/#breadcrumb\"},\"inLanguage\":\"fr-FR\",\"potentialAction\":[{\"@type\":\"ReadAction\",\"target\":[\"https:\/\/mrex.course.studio\/fr\/conditions-dutilisation\/\"]}]},{\"@type\":\"BreadcrumbList\",\"@id\":\"https:\/\/mrex.course.studio\/fr\/conditions-dutilisation\/#breadcrumb\",\"itemListElement\":[{\"@type\":\"ListItem\",\"position\":1,\"item\":{\"@type\":\"WebPage\",\"@id\":\"http:\/\/44.231.215.205\/fr\/\",\"url\":\"http:\/\/44.231.215.205\/fr\/\",\"name\":\"Home\"}},{\"@type\":\"ListItem\",\"position\":2,\"item\":{\"@type\":\"WebPage\",\"@id\":\"https:\/\/mrex.course.studio\/fr\/conditions-dutilisation\/\",\"url\":\"https:\/\/mrex.course.studio\/fr\/conditions-dutilisation\/\",\"name\":\"Conditions d&#8217;utilisation\"}}]}]}<\/script>\n<!-- \/ Yoast SEO plugin. -->","_links":{"self":[{"href":"https:\/\/mrex.course.studio\/fr\/wp-json\/wp\/v2\/pages\/1547","targetHints":{"allow":["GET"]}}],"collection":[{"href":"https:\/\/mrex.course.studio\/fr\/wp-json\/wp\/v2\/pages"}],"about":[{"href":"https:\/\/mrex.course.studio\/fr\/wp-json\/wp\/v2\/types\/page"}],"author":[{"embeddable":true,"href":"https:\/\/mrex.course.studio\/fr\/wp-json\/wp\/v2\/users\/2"}],"replies":[{"embeddable":true,"href":"https:\/\/mrex.course.studio\/fr\/wp-json\/wp\/v2\/comments?post=1547"}],"version-history":[{"count":5,"href":"https:\/\/mrex.course.studio\/fr\/wp-json\/wp\/v2\/pages\/1547\/revisions"}],"predecessor-version":[{"id":1555,"href":"https:\/\/mrex.course.studio\/fr\/wp-json\/wp\/v2\/pages\/1547\/revisions\/1555"}],"wp:attachment":[{"href":"https:\/\/mrex.course.studio\/fr\/wp-json\/wp\/v2\/media?parent=1547"}],"curies":[{"name":"wp","href":"https:\/\/api.w.org\/{rel}","templated":true}]}}