{"id":1558,"date":"2021-04-09T11:00:41","date_gmt":"2021-04-09T15:00:41","guid":{"rendered":"https:\/\/mrex.course.studio\/?page_id=1558"},"modified":"2021-04-09T11:00:42","modified_gmt":"2021-04-09T15:00:42","slug":"politique-de-cookies","status":"publish","type":"page","link":"https:\/\/mrex.course.studio\/fr\/politique-de-cookies\/","title":{"rendered":"Politique de cookies"},"content":{"rendered":"\n<section class=\"single-col-block\">\n    <div class=\"container\">\n        <div class=\"row space-center\">\n            <div class=\"col-md-8 rte\">\n                <h2 class=\"single-col-block__headline\">Politique de cookies<\/h2>\n                <div class=\"single-col-block__headline\"><p>MREX utilise des cookies informatiques sur ses propri\u00e9t\u00e9s Web (mrex.co et ses sous-domaines) (le \u00ab Service \u00bb). En utilisant notre service, vous consentez \u00e0 l\u2019utilisation de cookies informatiques. Notre politique en mati\u00e8re de cookies explique ce que sont les cookies, comment nous les utilisons, comment des tiers avec lesquels nous sommes partenaires peuvent utiliser les cookies \u00e0 l\u2019int\u00e9rieur de notre service, vos choix en mati\u00e8re de cookies, ainsi que quelques liens vers plus d\u2019information \u00e0 propos des cookies.<\/p>\n<h3>QUE-SONT LES COOKIES?<\/h3>\n<p>Les cookies informatiques sont de petits extraits de texte envoy\u00e9 \u00e0 votre fureteur Web par un site Web lorsque vous le visitez. Un fichier est stock\u00e9 par votre fureteur Web et il permet \u00e0 notre service et des tiers de vous reconna\u00eetre, rendre votre prochaine visite plus conviviale et le service plus utile pour vous. Les cookies informatiques peuvent \u00eatre de session ou persistants.<\/p>\n<h3>COMMENT UTILISONS-NOUS LES COOKIES?<\/h3>\n<p>Lorsque vous acc\u00e9dez et utilisez le service, il se peut que plusieurs cookies soient stock\u00e9s par votre fureteur Web. Nous utilisons les cookies pour : activer certaines fonctions du service, r\u00e9colter des statistiques, sauvegarder vos pr\u00e9f\u00e9rences et permettre l\u2019affichage de publicit\u00e9 (incluant de la publicit\u00e9 comportementale). Nous utilisons un nombre de diff\u00e9rents cookies persistants et de session \u00e0 l\u2019int\u00e9rieur de notre service. Nous utilisons \u00e9galement ces cookies afin d\u2019identifier les utilisateurs et pr\u00e9venir la fraude.<\/p>\n<h3>COOKIES TIERS<\/h3>\n<p>En plus de nos propres cookies informatiques, il se peut que nous utilisions des cookies tiers afin de g\u00e9n\u00e9rer des statistiques d\u2019utilisation du service, afficher de la publicit\u00e9 par l\u2019entremise du service, entre autre.<\/p>\n<h3>QUELS SONT VOS CHOIX EN MATI\u00c8RE DE COOKIES?<\/h3>\n<p>Si vous d\u00e9sirez effacer ou configurer votre fureteur Web pour qu\u2019il efface ou refuse les cookies informatiques, consultez l\u2019aide de votre fureteur Web. Notez que si vous effacez ou refusez les cookies, vous pourriez \u00eatre incapable d\u2019utiliser certaines fonctions du service, de sauvegarder vos pr\u00e9f\u00e9rences ou d\u2019afficher certaines pages correctement.<\/p>\n<h3>O\u00d9 POUVEZ-VOUS TROUVER PLUS D\u2019INFORMATION?<\/h3>\n<p>Vous pouvez en apprendre davantage \u00e0 propos des cookies informatique ici :<\/p>\n<p>AllAboutCookies:\u00a0<a href=\"https:\/\/www.allaboutcookies.org\/fr\/\" target=\"_blank\" rel=\"noopener\">https:\/\/www.allaboutcookies.org\/fr\/<\/a><\/p>\n<p>Network Advertising Initiative:\u00a0<a href=\"https:\/\/www.networkadvertising.org\/\" target=\"_blank\" rel=\"noopener\">https:\/\/www.networkadvertising.org<\/a>\u00a0(en anglais)<\/p>\n<h3>CONSENTEMENT<\/h3>\n<p>Nous utilisons les cookies informatiques afin de personnaliser votre exp\u00e9rience sur les site MREX et pour en analyser l\u2019achalandage. L\u2019information des cookies est sauvegard\u00e9e par votre fureteur et par certains services comme Google et les m\u00e9dias sociaux. Cette information peut \u00eatre combin\u00e9e \u00e0 d\u2019autre information que vous avez fourni pour l\u2019utilisation de notre site Web. Refuser les cookies informatiques peut emp\u00eacher l\u2019utilisation fonctionnelle de nos services.<\/p>\n<p>Les lois en vigueur stipulent que nous pouvons stocker des cookies sur vos appareils s\u2019ils sont absolument n\u00e9cessaires au fonctionnement de notre site. Vous devez approuver l\u2019utilisation de tous les autres cookies. Votre consentement s\u2019applique au domaine: www.mrex.co.<\/p>\n<\/div>\n            <\/div>\n        <\/div>\n    <\/div>\n<\/section>","protected":false},"excerpt":{"rendered":"","protected":false},"author":2,"featured_media":0,"parent":0,"menu_order":0,"comment_status":"closed","ping_status":"closed","template":"","meta":{"footnotes":""},"class_list":["post-1558","page","type-page","status-publish","hentry"],"yoast_head":"<!-- This site is optimized with the Yoast SEO plugin v16.0.2 - https:\/\/yoast.com\/wordpress\/plugins\/seo\/ -->\n<title>Politique de cookies - MREX<\/title>\n<meta property=\"og:locale\" content=\"fr_FR\" \/>\n<meta property=\"og:type\" content=\"article\" \/>\n<meta property=\"og:title\" content=\"Politique de cookies - MREX\" \/>\n<meta property=\"og:url\" content=\"http:\/\/44.231.215.205\/fr\/politique-de-cookies\/\" \/>\n<meta property=\"og:site_name\" content=\"MREX\" \/>\n<meta property=\"article:modified_time\" content=\"2021-04-09T15:00:42+00:00\" \/>\n<meta property=\"og:image\" content=\"https:\/\/mrex.course.studio\/wp-content\/uploads\/2021\/05\/homepage-hero.jpg\" \/>\n\t<meta property=\"og:image:width\" content=\"1440\" \/>\n\t<meta property=\"og:image:height\" content=\"810\" \/>\n<meta name=\"twitter:card\" content=\"summary_large_image\" \/>\n<script type=\"application\/ld+json\" class=\"yoast-schema-graph\">{\"@context\":\"https:\/\/schema.org\",\"@graph\":[{\"@type\":\"WebSite\",\"@id\":\"http:\/\/44.231.215.205\/fr\/#website\",\"url\":\"http:\/\/44.231.215.205\/fr\/\",\"name\":\"MREX\",\"description\":\"\",\"potentialAction\":[{\"@type\":\"SearchAction\",\"target\":\"http:\/\/44.231.215.205\/fr\/?s={search_term_string}\",\"query-input\":\"required name=search_term_string\"}],\"inLanguage\":\"fr-FR\"},{\"@type\":\"WebPage\",\"@id\":\"http:\/\/44.231.215.205\/fr\/politique-de-cookies\/#webpage\",\"url\":\"http:\/\/44.231.215.205\/fr\/politique-de-cookies\/\",\"name\":\"Politique de cookies - MREX\",\"isPartOf\":{\"@id\":\"http:\/\/44.231.215.205\/fr\/#website\"},\"datePublished\":\"2021-04-09T15:00:41+00:00\",\"dateModified\":\"2021-04-09T15:00:42+00:00\",\"breadcrumb\":{\"@id\":\"http:\/\/44.231.215.205\/fr\/politique-de-cookies\/#breadcrumb\"},\"inLanguage\":\"fr-FR\",\"potentialAction\":[{\"@type\":\"ReadAction\",\"target\":[\"http:\/\/44.231.215.205\/fr\/politique-de-cookies\/\"]}]},{\"@type\":\"BreadcrumbList\",\"@id\":\"http:\/\/44.231.215.205\/fr\/politique-de-cookies\/#breadcrumb\",\"itemListElement\":[{\"@type\":\"ListItem\",\"position\":1,\"item\":{\"@type\":\"WebPage\",\"@id\":\"http:\/\/44.231.215.205\/fr\/\",\"url\":\"http:\/\/44.231.215.205\/fr\/\",\"name\":\"Home\"}},{\"@type\":\"ListItem\",\"position\":2,\"item\":{\"@type\":\"WebPage\",\"@id\":\"http:\/\/44.231.215.205\/fr\/politique-de-cookies\/\",\"url\":\"http:\/\/44.231.215.205\/fr\/politique-de-cookies\/\",\"name\":\"Politique de cookies\"}}]}]}<\/script>\n<!-- \/ Yoast SEO plugin. -->","_links":{"self":[{"href":"https:\/\/mrex.course.studio\/fr\/wp-json\/wp\/v2\/pages\/1558","targetHints":{"allow":["GET"]}}],"collection":[{"href":"https:\/\/mrex.course.studio\/fr\/wp-json\/wp\/v2\/pages"}],"about":[{"href":"https:\/\/mrex.course.studio\/fr\/wp-json\/wp\/v2\/types\/page"}],"author":[{"embeddable":true,"href":"https:\/\/mrex.course.studio\/fr\/wp-json\/wp\/v2\/users\/2"}],"replies":[{"embeddable":true,"href":"https:\/\/mrex.course.studio\/fr\/wp-json\/wp\/v2\/comments?post=1558"}],"version-history":[{"count":2,"href":"https:\/\/mrex.course.studio\/fr\/wp-json\/wp\/v2\/pages\/1558\/revisions"}],"predecessor-version":[{"id":1560,"href":"https:\/\/mrex.course.studio\/fr\/wp-json\/wp\/v2\/pages\/1558\/revisions\/1560"}],"wp:attachment":[{"href":"https:\/\/mrex.course.studio\/fr\/wp-json\/wp\/v2\/media?parent=1558"}],"curies":[{"name":"wp","href":"https:\/\/api.w.org\/{rel}","templated":true}]}}