{"id":1897,"date":"2021-04-14T16:26:34","date_gmt":"2021-04-14T20:26:34","guid":{"rendered":"https:\/\/mrex.course.studio\/?page_id=1897"},"modified":"2021-04-27T13:32:59","modified_gmt":"2021-04-27T17:32:59","slug":"inscription-certificat-en-ingenierie-financiere","status":"publish","type":"page","link":"https:\/\/mrex.course.studio\/fr\/inscription-certificat-en-ingenierie-financiere\/","title":{"rendered":"Inscription Certificat en ing\u00e9nierie financi\u00e8re"},"content":{"rendered":"\n<p>.<\/p>\n\n\n\n<div class=\"wp-block-columns is-layout-flex wp-container-core-columns-is-layout-9d6595d7 wp-block-columns-is-layout-flex\">\n<div class=\"wp-block-column is-layout-flow wp-block-column-is-layout-flow\" style=\"flex-basis:25%\">\n<h3 class=\"has-text-align-center has-text-color wp-block-heading\" style=\"color:#349e89\">TARIFICATION<\/h3>\n\n\n\n<ul class=\"wp-block-list\"><li><strong>Prix \u00ab<em>early bird<\/em>&nbsp;\u00bb jusqu&rsquo;au 12 juin :<\/strong>&nbsp;<strong>3995$+tx<\/strong><\/li><\/ul>\n\n\n\n<ul class=\"wp-block-list\"><li><strong>Prix r\u00e9gulier&nbsp;<\/strong>(apr\u00e8s le 12 juin)<strong>&nbsp;: 4995$+tx<\/strong><\/li><\/ul>\n\n\n\n<ul class=\"wp-block-list\"><li><strong>Option de paiement :<\/strong> En <strong>3 versements<\/strong> \u00e9gaux et sans int\u00e9r\u00eats. Payer le premier versement maintenant pour r\u00e9server votre place.&nbsp;<\/li><\/ul>\n\n\n\n<p><\/p>\n<\/div>\n\n\n\n<div class=\"wp-block-column is-vertically-aligned-center is-layout-flow wp-block-column-is-layout-flow\" style=\"flex-basis:50%\">\n<h3 class=\"has-text-align-left wp-block-heading\">INSCRIPTION SESSION D&rsquo;\u00c9T\u00c9<\/h3>\n\n\n\n<script src=\"https:\/\/widgets.depositfix.com\/v1\/app.min.js\"><\/script>\n      <script type=\"text\/javascript\" id=\"df-script\">\n        DepositFixForm.init({\n          formId: 'dff2d27b-ef13-48dc-b5a1-63e696c5d810',\n          portalId: '6302202'\n        });\n      <\/script>\n<\/div>\n<\/div>\n","protected":false},"excerpt":{"rendered":"<p>. TARIFICATION Prix \u00abearly bird&nbsp;\u00bb jusqu&rsquo;au 12 juin :&nbsp;3995$+tx Prix r\u00e9gulier&nbsp;(apr\u00e8s le 12 juin)&nbsp;: 4995$+tx Option de paiement : En 3 versements \u00e9gaux et sans int\u00e9r\u00eats. Payer le premier versement maintenant pour r\u00e9server votre place.&nbsp; INSCRIPTION SESSION D&rsquo;\u00c9T\u00c9<\/p>\n","protected":false},"author":4,"featured_media":0,"parent":0,"menu_order":0,"comment_status":"closed","ping_status":"closed","template":"","meta":{"footnotes":""},"class_list":["post-1897","page","type-page","status-publish","hentry"],"yoast_head":"<!-- This site is optimized with the Yoast SEO plugin v16.0.2 - https:\/\/yoast.com\/wordpress\/plugins\/seo\/ -->\n<title>Inscription Certificat en ing\u00e9nierie financi\u00e8re - MREX<\/title>\n<meta property=\"og:locale\" content=\"fr_FR\" \/>\n<meta property=\"og:type\" content=\"article\" \/>\n<meta property=\"og:title\" content=\"Inscription Certificat en ing\u00e9nierie financi\u00e8re - MREX\" \/>\n<meta property=\"og:description\" content=\". TARIFICATION Prix \u00abearly bird&nbsp;\u00bb jusqu&rsquo;au 12 juin :&nbsp;3995$+tx Prix r\u00e9gulier&nbsp;(apr\u00e8s le 12 juin)&nbsp;: 4995$+tx Option de paiement : En 3 versements \u00e9gaux et sans int\u00e9r\u00eats. Payer le premier versement maintenant pour r\u00e9server votre place.&nbsp; INSCRIPTION SESSION D&rsquo;\u00c9T\u00c9\" \/>\n<meta property=\"og:url\" content=\"https:\/\/mrex.course.studio\/fr\/inscription-certificat-en-ingenierie-financiere\/\" \/>\n<meta property=\"og:site_name\" content=\"MREX\" \/>\n<meta property=\"article:modified_time\" content=\"2021-04-27T17:32:59+00:00\" \/>\n<meta property=\"og:image\" content=\"https:\/\/mrex.course.studio\/wp-content\/uploads\/2021\/05\/homepage-hero.jpg\" \/>\n\t<meta property=\"og:image:width\" content=\"1440\" \/>\n\t<meta property=\"og:image:height\" content=\"810\" \/>\n<meta name=\"twitter:card\" content=\"summary_large_image\" \/>\n<meta name=\"twitter:label1\" content=\"Est. reading time\">\n\t<meta name=\"twitter:data1\" content=\"1 minute\">\n<script type=\"application\/ld+json\" class=\"yoast-schema-graph\">{\"@context\":\"https:\/\/schema.org\",\"@graph\":[{\"@type\":\"WebSite\",\"@id\":\"http:\/\/44.231.215.205\/fr\/#website\",\"url\":\"http:\/\/44.231.215.205\/fr\/\",\"name\":\"MREX\",\"description\":\"\",\"potentialAction\":[{\"@type\":\"SearchAction\",\"target\":\"http:\/\/44.231.215.205\/fr\/?s={search_term_string}\",\"query-input\":\"required name=search_term_string\"}],\"inLanguage\":\"fr-FR\"},{\"@type\":\"WebPage\",\"@id\":\"https:\/\/mrex.course.studio\/fr\/inscription-certificat-en-ingenierie-financiere\/#webpage\",\"url\":\"https:\/\/mrex.course.studio\/fr\/inscription-certificat-en-ingenierie-financiere\/\",\"name\":\"Inscription Certificat en ing\\u00e9nierie financi\\u00e8re - MREX\",\"isPartOf\":{\"@id\":\"http:\/\/44.231.215.205\/fr\/#website\"},\"datePublished\":\"2021-04-14T20:26:34+00:00\",\"dateModified\":\"2021-04-27T17:32:59+00:00\",\"breadcrumb\":{\"@id\":\"https:\/\/mrex.course.studio\/fr\/inscription-certificat-en-ingenierie-financiere\/#breadcrumb\"},\"inLanguage\":\"fr-FR\",\"potentialAction\":[{\"@type\":\"ReadAction\",\"target\":[\"https:\/\/mrex.course.studio\/fr\/inscription-certificat-en-ingenierie-financiere\/\"]}]},{\"@type\":\"BreadcrumbList\",\"@id\":\"https:\/\/mrex.course.studio\/fr\/inscription-certificat-en-ingenierie-financiere\/#breadcrumb\",\"itemListElement\":[{\"@type\":\"ListItem\",\"position\":1,\"item\":{\"@type\":\"WebPage\",\"@id\":\"http:\/\/44.231.215.205\/fr\/\",\"url\":\"http:\/\/44.231.215.205\/fr\/\",\"name\":\"Home\"}},{\"@type\":\"ListItem\",\"position\":2,\"item\":{\"@type\":\"WebPage\",\"@id\":\"https:\/\/mrex.course.studio\/fr\/inscription-certificat-en-ingenierie-financiere\/\",\"url\":\"https:\/\/mrex.course.studio\/fr\/inscription-certificat-en-ingenierie-financiere\/\",\"name\":\"Inscription Certificat en ing\\u00e9nierie financi\\u00e8re\"}}]}]}<\/script>\n<!-- \/ Yoast SEO plugin. -->","_links":{"self":[{"href":"https:\/\/mrex.course.studio\/fr\/wp-json\/wp\/v2\/pages\/1897","targetHints":{"allow":["GET"]}}],"collection":[{"href":"https:\/\/mrex.course.studio\/fr\/wp-json\/wp\/v2\/pages"}],"about":[{"href":"https:\/\/mrex.course.studio\/fr\/wp-json\/wp\/v2\/types\/page"}],"author":[{"embeddable":true,"href":"https:\/\/mrex.course.studio\/fr\/wp-json\/wp\/v2\/users\/4"}],"replies":[{"embeddable":true,"href":"https:\/\/mrex.course.studio\/fr\/wp-json\/wp\/v2\/comments?post=1897"}],"version-history":[{"count":16,"href":"https:\/\/mrex.course.studio\/fr\/wp-json\/wp\/v2\/pages\/1897\/revisions"}],"predecessor-version":[{"id":2426,"href":"https:\/\/mrex.course.studio\/fr\/wp-json\/wp\/v2\/pages\/1897\/revisions\/2426"}],"wp:attachment":[{"href":"https:\/\/mrex.course.studio\/fr\/wp-json\/wp\/v2\/media?parent=1897"}],"curies":[{"name":"wp","href":"https:\/\/api.w.org\/{rel}","templated":true}]}}