{"id":52,"date":"2021-02-11T18:03:54","date_gmt":"2021-02-11T23:03:54","guid":{"rendered":"http:\/\/mrex.localhost\/?page_id=52"},"modified":"2021-04-29T09:02:02","modified_gmt":"2021-04-29T13:02:02","slug":"home","status":"publish","type":"page","link":"https:\/\/mrex.course.studio\/fr\/","title":{"rendered":"Accueil"},"content":{"rendered":"\n<section class=\"hero-banner  text-left  Accueil\" style=\"background-image:url('https:\/\/mrex.course.studio\/wp-content\/uploads\/2021\/02\/homepage-hero-e1618923770713.jpg');\">\n    <div class=\"hero-banner__gradient\"><\/div>\n        <div class=\"container\">\n        <div class=\"row\">\n            <div class=\"hero-banner__content\">\n                                              \n                                <h2>Le Coll\u00e8ge MREX, c&rsquo;est bien plus qu&rsquo;une \u00e9cole, c&rsquo;est une institution!<\/h2>\n                                 \n                                    \n                <div class=\"hero-banner__description\">\n                    <p>Propulse ta carri\u00e8re d&rsquo;investisseur avec les meilleures formations sp\u00e9cialis\u00e9es en multilogement sur le march\u00e9.<\/p>\n                <\/div>\n                                <a href=\"#\" id=\"hero-button-1\" class=\"button button__primary\">D\u00e9couvrir les formations<\/a> \n                           \n            <\/div>\n        <\/div>    \n    <\/div>\n<\/section>\n\n\n<section class=\"text-w-title\">\n    <div class=\"container\">\n        <div class=\"row\">\n            <div class=\"col-sm-3\">\n                <h4>\u00c0 propos<\/h4>\n            <\/div>\n            <div class=\"col-sm-9\">\n                <p>MREX a comme mission de d\u00e9mocratiser l&rsquo;investissement immobilier multilogement gr\u00e2ce \u00e0 un savoir et une technologie r\u00e9volutionnaires. Offrant des formations adapt\u00e9es \u00e0 tous les niveaux, nous sommes rapidement devenus les principaux experts en ing\u00e9nierie financi\u00e8re multilogement sur le march\u00e9. Plusieurs ont vite compris qu&rsquo;investir en immobilier multir\u00e9sidentiel signifiait de g\u00e9rer une entreprise rentable et de prendre des d\u00e9cisions sophistiqu\u00e9es comme le fait un investisseur en bourse. <\/p>\n            <\/div>\n        <\/div>\n    <\/div>\n<\/section>\n\n\n<section class=\"three-col-block programs\">\n    <div class=\"container\">\n        <div class=\"row space-center\">\n            <div class=\"three-col-block__headline\">\n                <h2>Nos formations<\/h2>\n                <p>Que vous soyez d\u00e9butant ou expert, trouver la formation la mieux adapt\u00e9e \u00e0 vos besoins et votre croissance <\/p>\n            <\/div>\n        <\/div>\n        <div class=\"row mt-5 space-center\">\n                    \n                                               \n                <div class=\"col-md-4\">\n                                                        <a href=\"https:\/\/collegedelamrex.thinkific.com\/collections\/?ctid=356396\" id=\"hp-card-courses\" class=\"three-col-block__column\">    \n                                            <img decoding=\"async\" class=\"w-full\" src=\"https:\/\/mrex.course.studio\/wp-content\/themes\/mrex\/images\/program-type-thumb-courses.jpg\"\/>\n                        <div class=\"three-col-block__icon icon-courses\"><img decoding=\"async\" src=\"https:\/\/mrex.course.studio\/wp-content\/themes\/mrex\/images\/courses-icon.svg\"\/><\/div>\n                        <div class=\"three-col-block__column-content\">\n                                                        <h4>Cours sur demande<\/h4>\n                                                        <div class=\"three-col-block__column-subheadline\">\u00c0 VOTRE RYTHME \u00a0 | \u00a0  SUR DEMANDE<\/div>\n                            <p>Consulter les cours sur demande disponibles pour approfondir vos connaissances en mati\u00e8re d&rsquo;investissement immobilier  avec des formations flexibles, pouvant \u00eatre faites \u00e0 votre rythme. <\/p>\n                        <\/div>\n                    <\/a>\n                                <\/div>\n                                               \n                <div class=\"col-md-4\">\n                                                        <a href=\"https:\/\/mrex.course.studio\/fr\/certifications\" class=\"three-col-block__column\" id=\"hp-card-certifications\" >\n                        <img decoding=\"async\" class=\"w-full\" src=\"https:\/\/mrex.course.studio\/wp-content\/themes\/mrex\/images\/program-type-thumb-certifications.jpg\"\/>\n                        <div class=\"three-col-block__icon icon-certifications\"><img decoding=\"async\" src=\"https:\/\/mrex.course.studio\/wp-content\/themes\/mrex\/images\/certifications-icon.svg\"\/><\/div>\n                        <div class=\"three-col-block__column-content\">\n                            <h4>Certifications<\/h4>\n                            <div class=\"three-col-block__column-subheadline\"> INVESTIR AUTREMENT \u00a0 | \u00a0 EN DIRECT<\/div>\n                            <p>Trouver la certification qui r\u00e9pond \u00e0 vos besoins. Ces formations hybrides, en direct ou en diff\u00e9r\u00e9s vous aiderons \u00e0 acqu\u00e9rir les comp\u00e9tences n\u00e9cessaires pour devenir un investisseur aguerri. <\/p>\n                        <\/div>\n                    <\/a>                \n                                <\/div>\n                                               \n                <div class=\"col-md-4\">\n                                                        <a href=\"https:\/\/mrex.course.studio\/fr\/intensive-programs\" class=\"three-col-block__column\" id=\"hp-card-intensives\" >\n                        <img decoding=\"async\" class=\"w-full\" src=\"https:\/\/mrex.course.studio\/wp-content\/themes\/mrex\/images\/program-type-thumb-intensive-programs.jpg\"\/>\n                        <div class=\"three-col-block__icon icon-intensive-programs\"><img decoding=\"async\" src=\"https:\/\/mrex.course.studio\/wp-content\/themes\/mrex\/images\/intensive-programs-icon.svg\"\/><\/div>\n                        <div class=\"three-col-block__column-content\">\n                                                        <h4>Programmes intensifs<\/h4>\n                                                        <div class=\"three-col-block__column-subheadline\">ACC\u00c9L\u00c9RATEUR DE CROISSANCE \u00a0 | \u00a0 6 MOIS<\/div>\n                            <p>D\u00e9posez votre candidature d\u00e8s maintenant pour notre prochain groupe, afin de d\u00e9velopper vos comp\u00e9tences, faire cro\u00eetre votre r\u00e9seau et propulser votre carri\u00e8re d\u2019investisseur immobilier<\/p>\n                        <\/div>\n                    <\/a>\n                                <\/div>\n                \n                            <\/div>\n    <\/div>\n<\/section>\n\n\n<section class=\"three-col-block events\">\n    <div class=\"container\">\n        <div class=\"row space-center\">\n            <div class=\"three-col-block__headline\">\n                <h2>Prochains \u00e9v\u00e9nements<\/h2>\n                <p>D\u00e9couvrez les prochains \u00e9v\u00e9nements organis\u00e9s par le Coll\u00e8ge MREX <\/p>\n            <\/div>\n        <\/div>\n        <div class=\"row mt-5 space-center\">\n                                                                        <div class=\"col-md-4\">\n                        <a href=\"https:\/\/mrex.course.studio\/fr\/event\/bootcamp-trouver-sa-prochaine-acquisition\/\" id=\"hp-card-event-1\"  class=\"three-col-block__column\">\n                            <img decoding=\"async\" src=\"https:\/\/mrex.course.studio\/wp-content\/uploads\/2021\/04\/bootcamp-banner.png\" class=\"w-full\" \/>\n                            <div class=\"three-col-block__column-content\">\n                                <h4 class=\"three-col-block__title\">Bootcamp &#8211; Trouver sa prochaine acquisition<\/h4>\n                                <span class=\"tag-label bootcamp\">Bootcamp<\/span>\n                                <div class=\"three-col-block__excerpt\">Le Bootcamp &#8211; Trouver sa prochaine acquisitions vous permettra de sortir de votre zone de confort! <\/div>\n                                <div class=\"three-col-block__date\"><img decoding=\"async\" src=\"https:\/\/mrex.course.studio\/wp-content\/themes\/mrex\/images\/clock.svg\"\/>Du 31 mai au 5 juin <\/div>\n                            <\/div>\n                        <\/a>\n                <\/div>\n                                            <\/div>\n    <\/div>\n<\/section>\n\n\n<section class=\"testimonial-carousel\">\n    <div class=\"container\">\n        <div class=\"row\">\n            <div class=\"col-12\">\n                                <h3 class=\"testimonial-carousel__headline\">T\u00e9moignages des nos \u00e9tudiants<\/h3>\n                                <div class=\"main-carousel\">\n                \n                                                            <div class=\"carousel-cell\" id=\"hp-testimonials-carousel\">\n                        <div class=\"testimonial-carousel__item\">\n                            <img decoding=\"async\" src=\"\" \/>\n                            <span class=\"testimonial-carousel__name\">Jacob G.<\/span>\n                            <span class=\"testimonial-carousel__position\">CMFE &#8211; Cohorte Automne 2020<\/span>\n                            <span class=\"testimonial-carousel__quote\">Incroyables formations, ce sont des passionn\u00e9s de l&rsquo;immobilier et ils sont tr\u00e8s g\u00e9n\u00e9reux. L&rsquo;information que nous avons re\u00e7ue dans ces formations vaut beaucoup plus que le co\u00fbt d&rsquo;inscription. Merci pour vos pr\u00e9cieuses r\u00e9ponses et votre partage d&rsquo;exp\u00e9rience. Vous aidez beaucoup de gens \u00e0 r\u00e9aliser leurs r\u00eaves.<\/span>\n                        <\/div>\n                    <\/div>\n                                                            <div class=\"carousel-cell\" id=\"hp-testimonials-carousel\">\n                        <div class=\"testimonial-carousel__item\">\n                            <img decoding=\"async\" src=\"\" \/>\n                            <span class=\"testimonial-carousel__name\">Maxime G.<\/span>\n                            <span class=\"testimonial-carousel__position\">Bootcamp #2<\/span>\n                            <span class=\"testimonial-carousel__quote\">Vous n&rsquo;avez plus le choix de vous former si vous voulez devenir un investisseur plus sophistiqu\u00e9. MREX livre la marchandise et encore plus. Ce sont des gens tr\u00e8s professionnels et tr\u00e8s p\u00e9dagogues pour enseigner la mati\u00e8re. Vous n&rsquo;allez pas regretter votre choix si vous voulez cro\u00eetre dans ce domaine! Tout commence par vous, est-ce que vous voulez continuer \u00e0 r\u00eaver d&rsquo;\u00eatre un investisseur ou r\u00e9ellement en devenir un? Posez-vous comme question : qu&rsquo;est-ce qu&rsquo;un investisseur fera dans cette situation? C&rsquo;est le temps de changer votre identit\u00e9 et rien de mieux que commencer avec l&rsquo;\u00e9quipe de MREX.<\/span>\n                        <\/div>\n                    <\/div>\n                                                            <div class=\"carousel-cell\" id=\"hp-testimonials-carousel\">\n                        <div class=\"testimonial-carousel__item\">\n                            <img decoding=\"async\" src=\"\" \/>\n                            <span class=\"testimonial-carousel__name\">Yanick D. <\/span>\n                            <span class=\"testimonial-carousel__position\">CMFE &#8211; Cohorte \u00c9t\u00e9 2020<\/span>\n                            <span class=\"testimonial-carousel__quote\">J&rsquo;ai vraiment h\u00e9sit\u00e9 beaucoup avant d&rsquo;investir dans le certificat en ing\u00e9n\u00e9rie financi\u00e8re, mais je dois dire que ouf. Quel merveilleux investissement pour d\u00e9marr\u00e9 en immobilier. Pr\u00e9par\u00e9 vous beaucoup de caf\u00e9 pour pouvoir ingurgit\u00e9 autant d&rsquo;information et de concept.  Je recommande \u00e0 tout ceux qui veulent vraiment apprendre l&rsquo;immobilier de ne pas avoir peur des co\u00fbts des formations car vous aller \u00e9conomiser vraiment beaucoup sur votre premier deal!<\/span>\n                        <\/div>\n                    <\/div>\n                                                            <div class=\"carousel-cell\" id=\"hp-testimonials-carousel\">\n                        <div class=\"testimonial-carousel__item\">\n                            <img decoding=\"async\" src=\"\" \/>\n                            <span class=\"testimonial-carousel__name\">Francis L.<\/span>\n                            <span class=\"testimonial-carousel__position\">CMFE &#8211; Cohorte Automne 2019 et Meute Multilogement &#8211; Cohorte 5<\/span>\n                            <span class=\"testimonial-carousel__quote\">J&rsquo;ai ador\u00e9 mon exp\u00e9rience des certificats et la meute, je le recommande fortement \u00e0 tous les investisseurs immobiliers ou ceux qui veulent le devenir. \u00c0 premi\u00e8re vue, \u00e7a para\u00eet dispendieux, mais je peux confirmer que \u00e7a en vaut vraiment la peine pour avoir une meilleure compr\u00e9hension, capacit\u00e9 d&rsquo;analyse, et \u00e9viter de faire des erreurs qui s&rsquo;av\u00e9reraient beaucoup plus co\u00fbteuses de toute fa\u00e7on. De plus, le r\u00e9seau de contacts est vraiment b\u00e9n\u00e9fique, je m&rsquo;y suis trouv\u00e9 d\u00e9j\u00e0 un partenariat et je suis certain que d&rsquo;autres en d\u00e9couleront dans le futur. Les professionnels qui viennent enseigner sont hyper comp\u00e9tents, ce ne sont pas des g\u00e9n\u00e9ralistes qui effleurent les sujets, on rentre carr\u00e9ment dans le pratique et concret de la mati\u00e8re.<\/span>\n                        <\/div>\n                    <\/div>\n                    \n                                    \n                <\/div>              \n\n            <\/div>\n        <\/div>\n    <\/div>\n<\/section>\n\n\n<section class=\"staff-quote\">\n    <div class=\"container\">\n        <div class=\"row\">\n            <div class=\"col-md-2\">\n                <img decoding=\"async\" src=\"https:\/\/mrex.course.studio\/wp-content\/themes\/mrex\/images\/college-mrex-crest.svg\"\/>\n            <\/div>\n            <div class=\"col-md-10\">\n                <span class=\"staff-quote__content\">\u00catre bien form\u00e9 peut t\u2019aider \u00e0 affronter les difficult\u00e9s de ta compagnie avec moins d&rsquo;\u00e9nergie et moins de stress et c\u2019est inestimable. Les formations t\u2019aident \u00e0 aller plus loin, plus longtemps mais surtout dans la bonne direction. Dans la vie, il n\u2019y a rien de plus inutile que d&rsquo;aller rapidement dans la mauvaise direction. <\/span>\n                <span class=\"staff-quote__name\">CLAUDE HAMEL<\/span>\n                <span class=\"staff-quote__position\">Directeur du Coll\u00e8ge MREX et COO<\/span>\n            <\/div>\n        <\/div>\n        <img decoding=\"async\" class=\"staff-quote__headshot\" src=\"https:\/\/mrex.course.studio\/wp-content\/uploads\/2021\/04\/Claude_PNG_TRANSPARENT-2.png\"\/>\n    <\/div>\n<\/section>\n\n\n<section class=\"three-col-block library\">\n    <div class=\"container\">\n        <div class=\"row space-center\">\n            <div class=\"three-col-block__headline\">\n                <h2>Blogue<\/h2>\n                <p>D\u00e9couvrez nos plus r\u00e9cents articles<\/p>\n            <\/div>\n        <\/div>\n        <div class=\"row mt-5 space-center\">\n                                                                        <div class=\"col-md-4\">\n                        <a href=\"https:\/\/mrex.course.studio\/fr\/big-data-a-la-rescousse-des-investisseurs-immobiliers-petits-et-grands\/\" id=\"hp-card-content-1\" class=\"three-col-block__column\">\n                            <div class=\"three-col-block__thumbnail\" style=\"background-image:url(https:\/\/mrex.course.studio\/wp-content\/uploads\/2021\/04\/ai-learning1.jpg);\"><\/div>\n                            <div class=\"three-col-block__column-content\">\n                                                            <div class=\"three-col-block__post-meta\">10 mai, 2020 &nbsp; | &nbsp; Nikola\u00ef Ray<\/div>\n                                                            <h4 class=\"three-col-block__post-title\">\u00ab Big data \u00bb \u00e0 la rescousse des investisseurs immobiliers, petits et grands<\/h4>\n                            <\/div>\n                        <\/a>\n                    <\/div>\n                                    <div class=\"col-md-4\">\n                        <a href=\"https:\/\/mrex.course.studio\/fr\/desequilibre-persistant-et-accentue-dans-le-marche-canadien-de-lhabitation\/\" id=\"hp-card-content-2\" class=\"three-col-block__column\">\n                            <div class=\"three-col-block__thumbnail\" style=\"background-image:url(https:\/\/mrex.course.studio\/wp-content\/uploads\/2021\/04\/GettyImages-485874352_1440x810-1.jpg);\"><\/div>\n                            <div class=\"three-col-block__column-content\">\n                                                            <div class=\"three-col-block__post-meta\">1 avril, 2021 &nbsp; | &nbsp; Nikola\u00ef Ray<\/div>\n                                                            <h4 class=\"three-col-block__post-title\">D\u00e9s\u00e9quilibre persistant et accentu\u00e9 dans le march\u00e9 canadien de l&rsquo;habitation<\/h4>\n                            <\/div>\n                        <\/a>\n                    <\/div>\n                                    <div class=\"col-md-4\">\n                        <a href=\"https:\/\/mrex.course.studio\/fr\/injection-de-120-millions-de-dollars-annonces-par-quebec-lindustrie-de-la-construction\/\" id=\"hp-card-content-3\" class=\"three-col-block__column\">\n                            <div class=\"three-col-block__thumbnail\" style=\"background-image:url(https:\/\/mrex.course.studio\/wp-content\/uploads\/2021\/04\/financement-construction-small.png);\"><\/div>\n                            <div class=\"three-col-block__column-content\">\n                                                            <div class=\"three-col-block__post-meta\">25 mars, 2021 &nbsp; | &nbsp; Nikola\u00ef Ray<\/div>\n                                                            <h4 class=\"three-col-block__post-title\">Injection de 120 millions de dollars annonc\u00e9s par Qu\u00e9bec l&rsquo;industrie de la construction<\/h4>\n                            <\/div>\n                        <\/a>\n                    <\/div>\n                                            <\/div>\n    <\/div>\n<\/section>\n\n\n<section class=\"form-block white\">\n    <div class=\"container\">\n        <div class=\"col-sm-12\">\n            <div class=\"row space-center\">\n                <div class=\"form-block__headline\">\n                    <h2>Tu veux discuter? <\/h2>\n                    <span>Tu ne sais pas par o\u00f9 commencer ou tu as des questions sur les diff\u00e9rents programme? N\u2019h\u00e9sitez pas \u00e0 nous \u00e9crire, nous pourrons r\u00e9pondre \u00e0 vos interrogations! <\/span>\n                <\/div>\n            <\/div>\n            <div class=\"row form-block__form\">\n                <div class=\"col-md-7\">\n                                                \n                                                    <!--[if lte IE 8]>\n                            <script charset=\"utf-8\" type=\"text\/javascript\" src=\"\/\/js.hsforms.net\/forms\/v2-legacy.js\"><\/script>\n                            <![endif]-->\n                            <script charset=\"utf-8\" type=\"text\/javascript\" src=\"\/\/js.hsforms.net\/forms\/v2.js\"><\/script>\n                            <script>\n                            hbspt.forms.create({\n                                portalId: \"6302202\",\n                                formId: \"288defc2-24eb-4ee4-b0aa-cc0ae1a87379\",\n                                submitButtonClass: 'hbspt-form-submit',\n                                css: '',                                    \n                            });\n                            <\/script>\n                        \n\n                                    <\/div>\n            <\/div>\n        <\/div>\n    <\/div>\n<\/section>","protected":false},"excerpt":{"rendered":"","protected":false},"author":1,"featured_media":0,"parent":0,"menu_order":0,"comment_status":"closed","ping_status":"open","template":"","meta":{"footnotes":""},"class_list":["post-52","page","type-page","status-publish","hentry"],"yoast_head":"<!-- This site is optimized with the Yoast SEO plugin v16.0.2 - https:\/\/yoast.com\/wordpress\/plugins\/seo\/ -->\n<title>Accueil - MREX<\/title>\n<meta property=\"og:locale\" content=\"fr_FR\" \/>\n<meta property=\"og:type\" content=\"article\" \/>\n<meta property=\"og:title\" content=\"Accueil - MREX\" \/>\n<meta property=\"og:url\" content=\"https:\/\/mrex.course.studio\/fr\/\" \/>\n<meta property=\"og:site_name\" content=\"MREX\" \/>\n<meta property=\"article:modified_time\" content=\"2021-04-29T13:02:02+00:00\" \/>\n<meta property=\"og:image\" content=\"https:\/\/mrex.course.studio\/wp-content\/uploads\/2021\/05\/homepage-hero.jpg\" \/>\n\t<meta property=\"og:image:width\" content=\"1440\" \/>\n\t<meta property=\"og:image:height\" content=\"810\" \/>\n<meta name=\"twitter:card\" content=\"summary_large_image\" \/>\n<script type=\"application\/ld+json\" class=\"yoast-schema-graph\">{\"@context\":\"https:\/\/schema.org\",\"@graph\":[{\"@type\":\"WebSite\",\"@id\":\"http:\/\/44.231.215.205:80\/en\/#website\",\"url\":\"http:\/\/44.231.215.205:80\/en\/\",\"name\":\"MREX\",\"description\":\"\",\"potentialAction\":[{\"@type\":\"SearchAction\",\"target\":\"http:\/\/44.231.215.205:80\/en\/?s={search_term_string}\",\"query-input\":\"required name=search_term_string\"}],\"inLanguage\":\"fr-FR\"},{\"@type\":\"WebPage\",\"@id\":\"https:\/\/mrex.course.studio\/fr\/#webpage\",\"url\":\"https:\/\/mrex.course.studio\/fr\/\",\"name\":\"Accueil - MREX\",\"isPartOf\":{\"@id\":\"http:\/\/44.231.215.205:80\/en\/#website\"},\"datePublished\":\"2021-02-11T23:03:54+00:00\",\"dateModified\":\"2021-04-29T13:02:02+00:00\",\"breadcrumb\":{\"@id\":\"https:\/\/mrex.course.studio\/fr\/#breadcrumb\"},\"inLanguage\":\"fr-FR\",\"potentialAction\":[{\"@type\":\"ReadAction\",\"target\":[\"https:\/\/mrex.course.studio\/fr\/\"]}]},{\"@type\":\"BreadcrumbList\",\"@id\":\"https:\/\/mrex.course.studio\/fr\/#breadcrumb\",\"itemListElement\":[{\"@type\":\"ListItem\",\"position\":1,\"item\":{\"@type\":\"WebPage\",\"@id\":\"https:\/\/mrex.course.studio\/fr\/\",\"url\":\"https:\/\/mrex.course.studio\/fr\/\",\"name\":\"Home\"}},{\"@type\":\"ListItem\",\"position\":2,\"item\":{\"@type\":\"WebPage\",\"@id\":\"https:\/\/mrex.course.studio\/fr\/\",\"url\":\"https:\/\/mrex.course.studio\/fr\/\",\"name\":\"Accueil\"}}]}]}<\/script>\n<!-- \/ Yoast SEO plugin. -->","_links":{"self":[{"href":"https:\/\/mrex.course.studio\/fr\/wp-json\/wp\/v2\/pages\/52","targetHints":{"allow":["GET"]}}],"collection":[{"href":"https:\/\/mrex.course.studio\/fr\/wp-json\/wp\/v2\/pages"}],"about":[{"href":"https:\/\/mrex.course.studio\/fr\/wp-json\/wp\/v2\/types\/page"}],"author":[{"embeddable":true,"href":"https:\/\/mrex.course.studio\/fr\/wp-json\/wp\/v2\/users\/1"}],"replies":[{"embeddable":true,"href":"https:\/\/mrex.course.studio\/fr\/wp-json\/wp\/v2\/comments?post=52"}],"version-history":[{"count":64,"href":"https:\/\/mrex.course.studio\/fr\/wp-json\/wp\/v2\/pages\/52\/revisions"}],"predecessor-version":[{"id":2602,"href":"https:\/\/mrex.course.studio\/fr\/wp-json\/wp\/v2\/pages\/52\/revisions\/2602"}],"wp:attachment":[{"href":"https:\/\/mrex.course.studio\/fr\/wp-json\/wp\/v2\/media?parent=52"}],"curies":[{"name":"wp","href":"https:\/\/api.w.org\/{rel}","templated":true}]}}