{"id":58,"date":"2021-02-11T18:13:16","date_gmt":"2021-02-11T23:13:16","guid":{"rendered":"http:\/\/mrex.localhost\/?page_id=58"},"modified":"2021-04-21T14:17:01","modified_gmt":"2021-04-21T18:17:01","slug":"about","status":"publish","type":"page","link":"https:\/\/mrex.course.studio\/fr\/about\/","title":{"rendered":"\u00c0 propos"},"content":{"rendered":"\n<section class=\"hero-banner  text-center  \u00c0 propos\" style=\"background-image:url('https:\/\/mrex.course.studio\/wp-content\/uploads\/2021\/03\/about-hero-banner-2.jpg');\">\n    <div class=\"hero-banner__gradient\"><\/div>\n        <div class=\"container\">\n        <div class=\"row\">\n            <div class=\"hero-banner__content\">\n                                              \n                                <h2>Notre Mission<\/h2>\n                                 \n                                    \n                <div class=\"hero-banner__description\">\n                    <p>D\u00c9MOCRATISER L&rsquo;INVESTISSEMENT IMMOBILIER MULTILOGEMENT GR\u00c2CE \u00c0 UN SAVOIR ET UNE TECHNOLOGIE R\u00c9VOLUTIONNAIRES<\/p>\n                <\/div>\n                           \n            <\/div>\n        <\/div>    \n    <\/div>\n<\/section>\n\n\n<section class=\"video-w-text\">\n    <div class=\"container\">\n\n        <!-- Modal -->\n        <div class=\"modal fade\" id=\"exampleModal\" tabindex=\"-1\" aria-labelledby=\"exampleModalLabel\" aria-hidden=\"true\">\n            <div class=\"modal-dialog\">\n                <div class=\"modal-content\">\n                    <a class=\"btn-close\" data-bs-dismiss=\"modal\" aria-label=\"Close\"><i class=\"fas fa-times-circle\"><\/i><\/a>\n                    <div class=\"video-container\">\n                        <iframe src=\"https:\/\/www.youtube.com\/embed\/2k8OiUXsQ1o\" frameborder=\"0\" allow=\"accelerometer; autoplay; encrypted-media; gyroscope; picture-in-picture\" allowfullscreen><\/iframe>\n                    <\/div>\n                <\/div>\n            <\/div>\n        <\/div>           \n\n\n        <div class=\"row items-center\">\n            <div class=\"col-md-5\">\n                <h4 class=\"video-w-text__headline\">\u00c0 propos <\/h4>\n                                <div class=\"video-w-text__description\"><p>MREX a comme mission de d\u00e9mocratiser l&rsquo;investissement immobilier multilogement gr\u00e2ce \u00e0 un savoir et une technologie r\u00e9volutionnaires. Offrant des formations adapt\u00e9es \u00e0 tous les niveaux, nous sommes rapidement devenus les principaux experts en ing\u00e9nierie financi\u00e8re multilogement sur le march\u00e9. Plusieurs ont vite compris qu&rsquo;investir en immobilier multir\u00e9sidentiel signifiait de g\u00e9rer une entreprise rentable et de prendre des d\u00e9cisions sophistiqu\u00e9es comme le fait un investisseur en bourse. <\/p>\n<\/div>\n                                            <\/div>\n            <div class=\"col-md-7\">\n                <a href=\"#\" class=\"video-w-text__thumbnail\" data-bs-toggle=\"modal\" data-bs-target=\"#exampleModal\">\n                    <img decoding=\"async\" src=\"https:\/\/mrex.course.studio\/wp-content\/themes\/mrex\/images\/play-icon.svg\" class=\"video-w-text__play-icon\" \/>\n                    <img decoding=\"async\" src=\"https:\/\/mrex.course.studio\/wp-content\/themes\/mrex\/images\/video-placeholder.png\"\/>\n                <\/a>\n            <\/div>\n        <\/div>\n    <\/div>\n<\/section>\n\n\n<section class=\"two-col-list\" style=\"background-image:url(https:\/\/mrex.course.studio\/wp-content\/uploads\/2021\/03\/Group-3.svg);\">\n    <div class=\"container\">\n\n        <div class=\"row space-center\">\n            <div class=\"col-md-11\">\n\n            <div class=\"row\">\n                <div class=\"col-12\">\n                    <h2 class=\"two-col-list__headline\">Nos valeurs<\/h2>\n                <\/div>\n            <\/div>\n            <div class=\"row\">\n                                                        <div class=\"col-md-6\">\n                        <div class=\"two-col-list__item\">\n                            <span class=\"two-col-list__item-title\">Autonomie<\/span>\n                            <span class=\"two-col-list__item-description\"><p>Nous g\u00e9rons en fournissant contexte, autonomie et responsabilit\u00e9 pour responsabiliser les personnes et les \u00e9quipes afin qu\u2019elles puissent r\u00e9soudre leurs probl\u00e8mes et trouver des solutions<\/p>\n<\/span>\n                        <\/div>\n                    <\/div>\n                                        <div class=\"col-md-6\">\n                        <div class=\"two-col-list__item\">\n                            <span class=\"two-col-list__item-title\">D\u00e9veloppement continue<\/span>\n                            <span class=\"two-col-list__item-description\"><p>Nous travaillons \u00e0 ce qu\u2019il n\u2019y ait pas de distinction entre d\u00e9velopper, travailler et apprendre. Nous reconnaissons qu\u2019il y a toujours place \u00e0 l\u2019am\u00e9lioration et nous souhaitons la contribution de tous sur tous les sujets. Nous pensons qu\u2019il y a toujours place \u00e0 l\u2019am\u00e9lioration.<\/p>\n<\/span>\n                        <\/div>\n                    <\/div>\n                                        <div class=\"col-md-6\">\n                        <div class=\"two-col-list__item\">\n                            <span class=\"two-col-list__item-title\">Int\u00e9grit\u00e9<\/span>\n                            <span class=\"two-col-list__item-description\"><p>Nous partageons la raison et le contexte pour lesquels les d\u00e9cisions sont prises. Nous communiquons directement, honn\u00eatement et de mani\u00e8re constructive. Nous soulignons rapidement les probl\u00e8mes, demandons de l\u2019aide et discutons de ce que nous devons faire pour r\u00e9ussir. Nous cr\u00e9ons de la place pour l\u2019honn\u00eatet\u00e9 sans jugement.<\/p>\n<\/span>\n                        <\/div>\n                    <\/div>\n                                        <div class=\"col-md-6\">\n                        <div class=\"two-col-list__item\">\n                            <span class=\"two-col-list__item-title\">D\u00e9brouillardise<\/span>\n                            <span class=\"two-col-list__item-description\"><p>Rien ne se fait tout seul. Quand les gens disent que c\u2019est impossible, nous piratons le syst\u00e8me et le faisons. Quand on veut, on peut.<\/p>\n<\/span>\n                        <\/div>\n                    <\/div>\n                                        <div class=\"col-md-6\">\n                        <div class=\"two-col-list__item\">\n                            <span class=\"two-col-list__item-title\">Passion<\/span>\n                            <span class=\"two-col-list__item-description\"><p> Nous devons comprendre le pourquoi. Nous faisons les choses parce qu\u2019elles ont un sens, pas parce que \u00ab c\u2019est comme \u00e7a que \u00e7a se passe \u00bb. Les id\u00e9es percutantes se concr\u00e9tisent en d\u00e9fiant les id\u00e9es re\u00e7ues et en repensant les solutions.<\/p>\n<\/span>\n                        <\/div>\n                    <\/div>\n                                        <div class=\"col-md-6\">\n                        <div class=\"two-col-list__item\">\n                            <span class=\"two-col-list__item-title\">Excellence<\/span>\n                            <span class=\"two-col-list__item-description\"><p>nous nous concentrons sur les r\u00e9sultats, pas seulement sur les efforts. Nous obtenons des r\u00e9sultats remarquables en r\u00e9unissant des personnes cr\u00e9atives et astucieuses sur le plan technique dans un environnement con\u00e7u sur mesure pour leur permettre de livrer le meilleur d\u2019eux-m\u00eames.<\/p>\n<\/span>\n                        <\/div>\n                    <\/div>\n                                        <div class=\"col-md-6\">\n                        <div class=\"two-col-list__item\">\n                            <span class=\"two-col-list__item-title\">Loyaut\u00e9<\/span>\n                            <span class=\"two-col-list__item-description\"><p>Nous ne repoussons pas l\u2019\u00e9chec et nous ne prot\u00e9geons pas les autres de l\u2019\u00e9chec. Nous ne cachons pas l\u2019\u00e9chec non plus. Nous y r\u00e9pondons en aidant les gens \u00e0 r\u00e9agir et \u00e0 r\u00e9fl\u00e9chir aux \u00e9checs. Lorsque nous comprenons les causes profondes, nous pouvons agir et grandir ensemble. Pour nous, l\u2019\u00e9chec est l\u2019\u00e9tape qui pr\u00e9c\u00e8de la croissance et le succ\u00e8s.<\/p>\n<\/span>\n                        <\/div>\n                    <\/div>\n                                                    \n            <\/div>\n\n            <\/div>\n        <\/div>\n\n    <\/div>\n<\/section>\n\n\n<section class=\"staff-members \">\n    <div class=\"container\">\n        <div class=\"row\">\n            <div class=\"col-12 text-center\">\n                <h3 class=\"staff-members__headline\">\u00c9quipe de direction<\/h3>\n            <\/div>\n        <\/div>\n        <div class=\"row\">\n                                            <div class=\"col-md-3 staff-members__column\">\n                        <img decoding=\"async\" src=\"https:\/\/mrex.course.studio\/wp-content\/uploads\/2021\/02\/nikolai-ray-ceo-mrex-1.jpg\" \/>\n                        <span class=\"staff-members__name\">Nikolai Ray<\/span>\n                        <span class=\"staff-members__position\">CEO &#8211; MREX<\/span>\n                    <\/div>\n                                    <div class=\"col-md-3 staff-members__column\">\n                        <img decoding=\"async\" src=\"https:\/\/mrex.course.studio\/wp-content\/uploads\/2021\/04\/claude-hamel-coo-mrex-2.jpg\" \/>\n                        <span class=\"staff-members__name\">Claude Hamel<\/span>\n                        <span class=\"staff-members__position\">COO et directeur du Coll\u00e8ge MREX<\/span>\n                    <\/div>\n                                    <div class=\"col-md-3 staff-members__column\">\n                        <img decoding=\"async\" src=\"https:\/\/mrex.course.studio\/wp-content\/uploads\/2021\/03\/christian-bordeleau-cfo-mrex-2.jpg\" \/>\n                        <span class=\"staff-members__name\">Dr. Christian Bordeleau PH.D<\/span>\n                        <span class=\"staff-members__position\">CFO &#8211; MREX<\/span>\n                    <\/div>\n                                    <div class=\"col-md-3 staff-members__column\">\n                        <img decoding=\"async\" src=\"https:\/\/mrex.course.studio\/wp-content\/uploads\/2021\/03\/joel-lavoie-cto-mrex.jpg\" \/>\n                        <span class=\"staff-members__name\">Jo\u00ebl Lavoie<\/span>\n                        <span class=\"staff-members__position\">CTO &#8211; MREX<\/span>\n                    <\/div>\n                                    <\/div> \n                <div class=\"row\">\n            <div class=\"col-12 text-center\">\n                <a href=\"https:\/\/mrex.course.studio\/fr\/equipe-mrex-et-faculte\/\" class=\"button button__primary\">Voir toute l&rsquo;\u00e9quipe<\/a>\n            <\/div>\n        <\/div>  \n                     \n    <\/div>\n<\/section>\n\n\n<section class=\"form-block black\">\n    <div class=\"container\">\n        <div class=\"col-sm-12\">\n            <div class=\"row space-center\">\n                <div class=\"form-block__headline\">\n                    <h2>Tu veux communiquer avec nous? <\/h2>\n                    <span>Tu souhaites en savoir plus sur MREX? Tu veux suivre des formations, mais tu ne sais pas par o\u00f9 commencer? N&rsquo;h\u00e9sites pas \u00e0 nous contacter! <\/span>\n                <\/div>\n            <\/div>\n            <div class=\"row form-block__form\">\n                <div class=\"col-md-7\">\n                                                \n                                                    <!--[if lte IE 8]>\n                            <script charset=\"utf-8\" type=\"text\/javascript\" src=\"\/\/js.hsforms.net\/forms\/v2-legacy.js\"><\/script>\n                            <![endif]-->\n                            <script charset=\"utf-8\" type=\"text\/javascript\" src=\"\/\/js.hsforms.net\/forms\/v2.js\"><\/script>\n                            <script>\n                            hbspt.forms.create({\n                                portalId: \"6302202\",\n                                formId: \"288defc2-24eb-4ee4-b0aa-cc0ae1a87379\",\n                                submitButtonClass: 'hbspt-form-submit',\n                                css: '',                                    \n                            });\n                            <\/script>\n                        \n\n                                    <\/div>\n            <\/div>\n        <\/div>\n    <\/div>\n<\/section>","protected":false},"excerpt":{"rendered":"","protected":false},"author":1,"featured_media":0,"parent":0,"menu_order":0,"comment_status":"closed","ping_status":"closed","template":"","meta":{"footnotes":""},"class_list":["post-58","page","type-page","status-publish","hentry"],"yoast_head":"<!-- This site is optimized with the Yoast SEO plugin v16.0.2 - https:\/\/yoast.com\/wordpress\/plugins\/seo\/ -->\n<title>\u00c0 propos - MREX<\/title>\n<meta property=\"og:locale\" content=\"fr_FR\" \/>\n<meta property=\"og:type\" content=\"article\" \/>\n<meta property=\"og:title\" content=\"\u00c0 propos - MREX\" \/>\n<meta property=\"og:url\" content=\"https:\/\/mrex.course.studio\/fr\/about\/\" \/>\n<meta property=\"og:site_name\" content=\"MREX\" \/>\n<meta property=\"article:modified_time\" content=\"2021-04-21T18:17:01+00:00\" \/>\n<meta property=\"og:image\" content=\"https:\/\/mrex.course.studio\/wp-content\/uploads\/2021\/05\/homepage-hero.jpg\" \/>\n\t<meta property=\"og:image:width\" content=\"1440\" \/>\n\t<meta property=\"og:image:height\" content=\"810\" \/>\n<meta name=\"twitter:card\" content=\"summary_large_image\" \/>\n<script type=\"application\/ld+json\" class=\"yoast-schema-graph\">{\"@context\":\"https:\/\/schema.org\",\"@graph\":[{\"@type\":\"WebSite\",\"@id\":\"http:\/\/44.231.215.205\/fr\/#website\",\"url\":\"http:\/\/44.231.215.205\/fr\/\",\"name\":\"MREX\",\"description\":\"\",\"potentialAction\":[{\"@type\":\"SearchAction\",\"target\":\"http:\/\/44.231.215.205\/fr\/?s={search_term_string}\",\"query-input\":\"required name=search_term_string\"}],\"inLanguage\":\"fr-FR\"},{\"@type\":\"WebPage\",\"@id\":\"https:\/\/mrex.course.studio\/fr\/about\/#webpage\",\"url\":\"https:\/\/mrex.course.studio\/fr\/about\/\",\"name\":\"\\u00c0 propos - MREX\",\"isPartOf\":{\"@id\":\"http:\/\/44.231.215.205\/fr\/#website\"},\"datePublished\":\"2021-02-11T23:13:16+00:00\",\"dateModified\":\"2021-04-21T18:17:01+00:00\",\"breadcrumb\":{\"@id\":\"https:\/\/mrex.course.studio\/fr\/about\/#breadcrumb\"},\"inLanguage\":\"fr-FR\",\"potentialAction\":[{\"@type\":\"ReadAction\",\"target\":[\"https:\/\/mrex.course.studio\/fr\/about\/\"]}]},{\"@type\":\"BreadcrumbList\",\"@id\":\"https:\/\/mrex.course.studio\/fr\/about\/#breadcrumb\",\"itemListElement\":[{\"@type\":\"ListItem\",\"position\":1,\"item\":{\"@type\":\"WebPage\",\"@id\":\"http:\/\/44.231.215.205\/fr\/\",\"url\":\"http:\/\/44.231.215.205\/fr\/\",\"name\":\"Home\"}},{\"@type\":\"ListItem\",\"position\":2,\"item\":{\"@type\":\"WebPage\",\"@id\":\"https:\/\/mrex.course.studio\/fr\/about\/\",\"url\":\"https:\/\/mrex.course.studio\/fr\/about\/\",\"name\":\"\\u00c0 propos\"}}]}]}<\/script>\n<!-- \/ Yoast SEO plugin. -->","_links":{"self":[{"href":"https:\/\/mrex.course.studio\/fr\/wp-json\/wp\/v2\/pages\/58","targetHints":{"allow":["GET"]}}],"collection":[{"href":"https:\/\/mrex.course.studio\/fr\/wp-json\/wp\/v2\/pages"}],"about":[{"href":"https:\/\/mrex.course.studio\/fr\/wp-json\/wp\/v2\/types\/page"}],"author":[{"embeddable":true,"href":"https:\/\/mrex.course.studio\/fr\/wp-json\/wp\/v2\/users\/1"}],"replies":[{"embeddable":true,"href":"https:\/\/mrex.course.studio\/fr\/wp-json\/wp\/v2\/comments?post=58"}],"version-history":[{"count":31,"href":"https:\/\/mrex.course.studio\/fr\/wp-json\/wp\/v2\/pages\/58\/revisions"}],"predecessor-version":[{"id":2277,"href":"https:\/\/mrex.course.studio\/fr\/wp-json\/wp\/v2\/pages\/58\/revisions\/2277"}],"wp:attachment":[{"href":"https:\/\/mrex.course.studio\/fr\/wp-json\/wp\/v2\/media?parent=58"}],"curies":[{"name":"wp","href":"https:\/\/api.w.org\/{rel}","templated":true}]}}