{"id":60,"date":"2021-02-11T18:13:39","date_gmt":"2021-02-11T23:13:39","guid":{"rendered":"http:\/\/mrex.localhost\/?page_id=60"},"modified":"2021-04-30T15:56:40","modified_gmt":"2021-04-30T19:56:40","slug":"equipe-mrex-et-faculte","status":"publish","type":"page","link":"https:\/\/mrex.course.studio\/fr\/equipe-mrex-et-faculte\/","title":{"rendered":"\u00c9quipe et Facult\u00e9"},"content":{"rendered":"\n<section class=\"hero-banner  text-left  \u00c9quipe et Facult\u00e9\" style=\"background-image:url('https:\/\/mrex.course.studio\/wp-content\/uploads\/2021\/03\/certification-hero.jpg');\">\n    <div class=\"hero-banner__gradient\"><\/div>\n        <div class=\"container\">\n        <div class=\"row\">\n            <div class=\"hero-banner__content\">\n                                              \n                                <h2>\u00c9quipe et Facult\u00e9 <\/h2>\n                                 \n                                    \n                <div class=\"hero-banner__description\">\n                    <p>D\u00e9couvrez toute l&rsquo;\u00e9quipe MREX! Le coll\u00e8ge ne serait rien sans son \u00e9quipe, ses enseignants et ses charg\u00e9s de cours. Tous d\u00e9vou\u00e9s \u00e0 vous offrir les meilleures formations possibles et vous aider \u00e0 repousser vos limites.<\/p>\n                <\/div>\n                           \n            <\/div>\n        <\/div>    \n    <\/div>\n<\/section>\n\n\n<section class=\"staff-members \">\n    <div class=\"container\">\n        <div class=\"row\">\n            <div class=\"col-12 text-center\">\n                <h3 class=\"staff-members__headline\">L&rsquo;\u00e9quipe MREX<\/h3>\n            <\/div>\n        <\/div>\n        <div class=\"row\">\n                                            <div class=\"col-md-3 staff-members__column\">\n                        <img decoding=\"async\" src=\"https:\/\/mrex.course.studio\/wp-content\/uploads\/2021\/02\/nikolai-ray-ceo-mrex-1.jpg\" \/>\n                        <span class=\"staff-members__name\">Nikolai Ray<\/span>\n                        <span class=\"staff-members__position\">CEO &#8211; MREX<\/span>\n                    <\/div>\n                                    <div class=\"col-md-3 staff-members__column\">\n                        <img decoding=\"async\" src=\"https:\/\/mrex.course.studio\/wp-content\/uploads\/2021\/04\/claude-hamel-coo-mrex-2.jpg\" \/>\n                        <span class=\"staff-members__name\">Claude Hamel<\/span>\n                        <span class=\"staff-members__position\">COO et directeur du Coll\u00e8ge MREX<\/span>\n                    <\/div>\n                                    <div class=\"col-md-3 staff-members__column\">\n                        <img decoding=\"async\" src=\"https:\/\/mrex.course.studio\/wp-content\/uploads\/2021\/03\/christian-bordeleau-cfo-mrex-2.jpg\" \/>\n                        <span class=\"staff-members__name\">Dr. Christian Bordeleau PH.D<\/span>\n                        <span class=\"staff-members__position\">CFO &#8211; MREX<\/span>\n                    <\/div>\n                                    <div class=\"col-md-3 staff-members__column\">\n                        <img decoding=\"async\" src=\"https:\/\/mrex.course.studio\/wp-content\/uploads\/2021\/03\/joel-lavoie-cto-mrex.jpg\" \/>\n                        <span class=\"staff-members__name\">Jo\u00ebl Lavoie<\/span>\n                        <span class=\"staff-members__position\">CTO &#8211; MREX<\/span>\n                    <\/div>\n                                    <div class=\"col-md-3 staff-members__column\">\n                        <img decoding=\"async\" src=\"https:\/\/mrex.course.studio\/wp-content\/uploads\/2021\/04\/Azali-placert-square.png\" \/>\n                        <span class=\"staff-members__name\">Azali Plourde-Lacerte<\/span>\n                        <span class=\"staff-members__position\">Adjointe Administrative<\/span>\n                    <\/div>\n                                    <div class=\"col-md-3 staff-members__column\">\n                        <img decoding=\"async\" src=\"https:\/\/mrex.course.studio\/wp-content\/uploads\/2021\/04\/Catherine-goulet-square.png\" \/>\n                        <span class=\"staff-members__name\">Catherine Goulet<\/span>\n                        <span class=\"staff-members__position\">Coordonnatrice aux op\u00e9rations<\/span>\n                    <\/div>\n                                    <div class=\"col-md-3 staff-members__column\">\n                        <img decoding=\"async\" src=\"https:\/\/mrex.course.studio\/wp-content\/uploads\/2021\/04\/maxim-rousseau-square.png\" \/>\n                        <span class=\"staff-members__name\">Maxim Rousseau<\/span>\n                        <span class=\"staff-members__position\">Coordonnateur marketing et contenu digital<\/span>\n                    <\/div>\n                                    <div class=\"col-md-3 staff-members__column\">\n                        <img decoding=\"async\" src=\"https:\/\/mrex.course.studio\/wp-content\/uploads\/2021\/04\/Image-e1617911424850.jpeg\" \/>\n                        <span class=\"staff-members__name\">Kadiatou Bah<\/span>\n                        <span class=\"staff-members__position\">Journaliste <\/span>\n                    <\/div>\n                                    <div class=\"col-md-3 staff-members__column\">\n                        <img decoding=\"async\" src=\"https:\/\/mrex.course.studio\/wp-content\/uploads\/2021\/04\/mrex-corphoto-chahinez-dib.png\" \/>\n                        <span class=\"staff-members__name\">Chahinez Dib<\/span>\n                        <span class=\"staff-members__position\">Coordonnatrice r\u00e9daction et r\u00e9seaux sociaux &#8211; MREX USA<\/span>\n                    <\/div>\n                                    <\/div> \n                     \n    <\/div>\n<\/section>\n\n\n<section class=\"video-carousel\">\n\n    \n                                <div class=\"modal fade\" id=\"exampleModal-1\" tabindex=\"-1\" aria-labelledby=\"exampleModalLabel\" aria-hidden=\"true\">\n                <div class=\"modal-dialog\">\n                    <div class=\"modal-content\">\n                        <a class=\"btn-close\" data-bs-dismiss=\"modal\" aria-label=\"Close\"><i class=\"fas fa-times-circle\"><\/i><\/a>\n                        <div class=\"video-container\">\n                            <iframe src=\"https:\/\/www.youtube.com\/embed\/2k8OiUXsQ1o\" frameborder=\"0\" allow=\"accelerometer; autoplay; encrypted-media; gyroscope; picture-in-picture\" allowfullscreen><\/iframe>\n                        <\/div>\n                    <\/div>\n                <\/div>\n            <\/div>\n                                <div class=\"modal fade\" id=\"exampleModal-2\" tabindex=\"-1\" aria-labelledby=\"exampleModalLabel\" aria-hidden=\"true\">\n                <div class=\"modal-dialog\">\n                    <div class=\"modal-content\">\n                        <a class=\"btn-close\" data-bs-dismiss=\"modal\" aria-label=\"Close\"><i class=\"fas fa-times-circle\"><\/i><\/a>\n                        <div class=\"video-container\">\n                            <iframe src=\"https:\/\/www.youtube.com\/embed\/DFdCIe9LTQY\" frameborder=\"0\" allow=\"accelerometer; autoplay; encrypted-media; gyroscope; picture-in-picture\" allowfullscreen><\/iframe>\n                        <\/div>\n                    <\/div>\n                <\/div>\n            <\/div>\n        \n     \n\n    <div class=\"container\">\n        <div class=\"row\">\n            <div class=\"col-12\">\n\n                <div class=\"main-carousel\">\n                                \n                                                            <div class=\"carousel-cell\">\n                        <div class=\"row\">\n                            <div class=\"col-md-5\">\n                                <h3 class=\"video-carousel__headline\">Un mot de l&rsquo;\u00e9quipe<\/h3>\n                                <span class=\"video-carousel__description\"><p>L&rsquo;une des choses qui nous d\u00e9marque le plus est la qualit\u00e9 des experts qui font partie du Coll\u00e8ge, c&rsquo;est l&rsquo;une de nos plus grandes fiert\u00e9s!<\/p>\n<\/span>\n                                <div class=\"video-carousel__instructor\">\n                                                                                                                    <img decoding=\"async\" class=\"video-carousel__headshot\" src=\"https:\/\/mrex.course.studio\/wp-content\/uploads\/2021\/02\/nikolai-ray-ceo-mrex-1.jpg\"\/> \n                                        <div>   \n                                            <span class=\"video-carousel__name\">Nikolai Ray<\/span>\n                                            <span class=\"vodeo-carousel__position\">CEO &#8211; MREX<\/span>\n                                        <\/div>\n                                                                                                            <\/div>\n                            <\/div>\n                            <div class=\"col-md-7\">\n                                <a href=\"#\" class=\"video-w-text__thumbnail\" data-bs-toggle=\"modal\" data-bs-target=\"#exampleModal-1\">\n                                    <img decoding=\"async\" src=\"https:\/\/mrex.course.studio\/wp-content\/themes\/mrex\/images\/play-icon.svg\" class=\"video-w-text__play-icon\" \/>\n                                    <img decoding=\"async\" src=\"https:\/\/mrex.course.studio\/wp-content\/uploads\/2021\/04\/stock.png\"\/>\n                                <\/a>\n                            <\/div>\n                        <\/div>\n                    <\/div>\n                                                            <div class=\"carousel-cell\">\n                        <div class=\"row\">\n                            <div class=\"col-md-5\">\n                                <h3 class=\"video-carousel__headline\">Un mot de l&rsquo;\u00e9quipe<\/h3>\n                                <span class=\"video-carousel__description\"><p>\u00catre bien form\u00e9 peut t\u2019aider \u00e0 affronter les difficult\u00e9s de ta compagnie avec moins d&rsquo;\u00e9nergie et moins de stress et c\u2019est inestimable. Les formations t\u2019aident \u00e0 aller plus loin, plus longtemps mais surtout dans la bonne direction. <\/p>\n<\/span>\n                                <div class=\"video-carousel__instructor\">\n                                                                                                                    <img decoding=\"async\" class=\"video-carousel__headshot\" src=\"https:\/\/mrex.course.studio\/wp-content\/uploads\/2021\/04\/claude-hamel-coo-mrex-2.jpg\"\/> \n                                        <div>   \n                                            <span class=\"video-carousel__name\">Claude Hamel<\/span>\n                                            <span class=\"vodeo-carousel__position\">COO et directeur du Coll\u00e8ge MREX<\/span>\n                                        <\/div>\n                                                                                                            <\/div>\n                            <\/div>\n                            <div class=\"col-md-7\">\n                                <a href=\"#\" class=\"video-w-text__thumbnail\" data-bs-toggle=\"modal\" data-bs-target=\"#exampleModal-2\">\n                                    <img decoding=\"async\" src=\"https:\/\/mrex.course.studio\/wp-content\/themes\/mrex\/images\/play-icon.svg\" class=\"video-w-text__play-icon\" \/>\n                                    <img decoding=\"async\" src=\"https:\/\/mrex.course.studio\/wp-content\/uploads\/2021\/03\/certification-hero.jpg\"\/>\n                                <\/a>\n                            <\/div>\n                        <\/div>\n                    <\/div>\n                    \n                                    \n                <\/div>              \n\n            <\/div>\n        <\/div>\n    <\/div>\n<\/section>\n\n\n<section class=\"staff-members \">\n    <div class=\"container\">\n        <div class=\"row\">\n            <div class=\"col-12 text-center\">\n                <h3 class=\"staff-members__headline\">Notre facult\u00e9<\/h3>\n            <\/div>\n        <\/div>\n        <div class=\"row\">\n                                            <div class=\"col-md-3 staff-members__column\">\n                        <img decoding=\"async\" src=\"https:\/\/mrex.course.studio\/wp-content\/uploads\/2021\/04\/olivier_abinader-square.png\" \/>\n                        <span class=\"staff-members__name\">Olivier Abinader<\/span>\n                        <span class=\"staff-members__position\">Notaire<\/span>\n                    <\/div>\n                                    <div class=\"col-md-3 staff-members__column\">\n                        <img decoding=\"async\" src=\"https:\/\/mrex.course.studio\/wp-content\/uploads\/2021\/04\/Alex-blouin-square.png\" \/>\n                        <span class=\"staff-members__name\">Alexandre Blouin<\/span>\n                        <span class=\"staff-members__position\">Fiscaliste<\/span>\n                    <\/div>\n                                    <div class=\"col-md-3 staff-members__column\">\n                        <img decoding=\"async\" src=\"https:\/\/mrex.course.studio\/wp-content\/uploads\/2021\/04\/rachel-rheaume-square.png\" \/>\n                        <span class=\"staff-members__name\">Me Rachel Rh\u00e9aume<\/span>\n                        <span class=\"staff-members__position\">Avocate<\/span>\n                    <\/div>\n                                    <div class=\"col-md-3 staff-members__column\">\n                        <img decoding=\"async\" src=\"https:\/\/mrex.course.studio\/wp-content\/uploads\/2021\/03\/philippe-foisy-1080.jpg\" \/>\n                        <span class=\"staff-members__name\">Philippe Foisy<\/span>\n                        <span class=\"staff-members__position\">Actuaire, investisseur immobilier et enseignant MREX<\/span>\n                    <\/div>\n                                    <div class=\"col-md-3 staff-members__column\">\n                        <img decoding=\"async\" src=\"https:\/\/mrex.course.studio\/wp-content\/uploads\/2021\/04\/tommy-archambault-square.png\" \/>\n                        <span class=\"staff-members__name\">Tommy Archambault<\/span>\n                        <span class=\"staff-members__position\">Avocat, courtier hypoth\u00e9caire et immobilier<\/span>\n                    <\/div>\n                                    <div class=\"col-md-3 staff-members__column\">\n                        <img decoding=\"async\" src=\"https:\/\/mrex.course.studio\/wp-content\/uploads\/2021\/04\/Yvan-Fournir-square.png\" \/>\n                        <span class=\"staff-members__name\">Yvan Fournier<\/span>\n                        <span class=\"staff-members__position\">Fiscaliste<\/span>\n                    <\/div>\n                                    <div class=\"col-md-3 staff-members__column\">\n                        <img decoding=\"async\" src=\"https:\/\/mrex.course.studio\/wp-content\/uploads\/2021\/03\/francis-faucher-1080.jpg\" \/>\n                        <span class=\"staff-members__name\">Francis Faucher<\/span>\n                        <span class=\"staff-members__position\">Planificateur financier, investisseur immobilier et charg\u00e9 de cours MREX<\/span>\n                    <\/div>\n                                    <div class=\"col-md-3 staff-members__column\">\n                        <img decoding=\"async\" src=\"https:\/\/mrex.course.studio\/wp-content\/uploads\/2021\/02\/nikolai-ray-ceo-mrex-1.jpg\" \/>\n                        <span class=\"staff-members__name\">Nikolai Ray<\/span>\n                        <span class=\"staff-members__position\">CEO &#8211; MREX<\/span>\n                    <\/div>\n                                    <div class=\"col-md-3 staff-members__column\">\n                        <img decoding=\"async\" src=\"https:\/\/mrex.course.studio\/wp-content\/uploads\/2021\/04\/maxime-boutin-sqaure.png\" \/>\n                        <span class=\"staff-members__name\">Maxime Boutin<\/span>\n                        <span class=\"staff-members__position\">Charg\u00e9 de cours &#8211; Meute Multilogement<\/span>\n                    <\/div>\n                                    <div class=\"col-md-3 staff-members__column\">\n                        <img decoding=\"async\" src=\"https:\/\/mrex.course.studio\/wp-content\/uploads\/2021\/04\/maxence-adam-square.png\" \/>\n                        <span class=\"staff-members__name\">Maxence Adam<\/span>\n                        <span class=\"staff-members__position\">Charg\u00e9 de cours &#8211; Meute Multilogement<\/span>\n                    <\/div>\n                                    <div class=\"col-md-3 staff-members__column\">\n                        <img decoding=\"async\" src=\"https:\/\/mrex.course.studio\/wp-content\/uploads\/2021\/04\/Melanie-Chaperon-square.png\" \/>\n                        <span class=\"staff-members__name\">Me M\u00e9lanie Chaperon<\/span>\n                        <span class=\"staff-members__position\">Avocate<\/span>\n                    <\/div>\n                                    <div class=\"col-md-3 staff-members__column\">\n                        <img decoding=\"async\" src=\"https:\/\/mrex.course.studio\/wp-content\/uploads\/2021\/04\/stephane-tremblay-square.png\" \/>\n                        <span class=\"staff-members__name\">St\u00e9phane Tremblay<\/span>\n                        <span class=\"staff-members__position\">Charg\u00e9 de cours &#8211; Meute Multilogement<\/span>\n                    <\/div>\n                                    <div class=\"col-md-3 staff-members__column\">\n                        <img decoding=\"async\" src=\"https:\/\/mrex.course.studio\/wp-content\/uploads\/2021\/04\/annie-lalibertesqaure-grey.png\" \/>\n                        <span class=\"staff-members__name\">Annie Lalibert\u00e9<\/span>\n                        <span class=\"staff-members__position\">Enseignante en N\u00e9gociation<\/span>\n                    <\/div>\n                                    <\/div> \n                     \n    <\/div>\n<\/section>","protected":false},"excerpt":{"rendered":"","protected":false},"author":1,"featured_media":0,"parent":0,"menu_order":0,"comment_status":"closed","ping_status":"closed","template":"","meta":{"footnotes":""},"class_list":["post-60","page","type-page","status-publish","hentry"],"yoast_head":"<!-- This site is optimized with the Yoast SEO plugin v16.0.2 - https:\/\/yoast.com\/wordpress\/plugins\/seo\/ -->\n<title>\u00c9quipe et Facult\u00e9 - MREX<\/title>\n<meta property=\"og:locale\" content=\"fr_FR\" \/>\n<meta property=\"og:type\" content=\"article\" \/>\n<meta property=\"og:title\" content=\"\u00c9quipe et Facult\u00e9 - MREX\" \/>\n<meta property=\"og:url\" content=\"http:\/\/44.231.215.205\/fr\/equipe-mrex-et-faculte\/\" \/>\n<meta property=\"og:site_name\" content=\"MREX\" \/>\n<meta property=\"article:modified_time\" content=\"2021-04-30T19:56:40+00:00\" \/>\n<meta property=\"og:image\" content=\"https:\/\/mrex.course.studio\/wp-content\/uploads\/2021\/05\/homepage-hero.jpg\" \/>\n\t<meta property=\"og:image:width\" content=\"1440\" \/>\n\t<meta property=\"og:image:height\" content=\"810\" \/>\n<meta name=\"twitter:card\" content=\"summary_large_image\" \/>\n<script type=\"application\/ld+json\" class=\"yoast-schema-graph\">{\"@context\":\"https:\/\/schema.org\",\"@graph\":[{\"@type\":\"WebSite\",\"@id\":\"http:\/\/44.231.215.205\/fr\/#website\",\"url\":\"http:\/\/44.231.215.205\/fr\/\",\"name\":\"MREX\",\"description\":\"\",\"potentialAction\":[{\"@type\":\"SearchAction\",\"target\":\"http:\/\/44.231.215.205\/fr\/?s={search_term_string}\",\"query-input\":\"required name=search_term_string\"}],\"inLanguage\":\"fr-FR\"},{\"@type\":\"WebPage\",\"@id\":\"http:\/\/44.231.215.205\/fr\/equipe-mrex-et-faculte\/#webpage\",\"url\":\"http:\/\/44.231.215.205\/fr\/equipe-mrex-et-faculte\/\",\"name\":\"\\u00c9quipe et Facult\\u00e9 - MREX\",\"isPartOf\":{\"@id\":\"http:\/\/44.231.215.205\/fr\/#website\"},\"datePublished\":\"2021-02-11T23:13:39+00:00\",\"dateModified\":\"2021-04-30T19:56:40+00:00\",\"breadcrumb\":{\"@id\":\"http:\/\/44.231.215.205\/fr\/equipe-mrex-et-faculte\/#breadcrumb\"},\"inLanguage\":\"fr-FR\",\"potentialAction\":[{\"@type\":\"ReadAction\",\"target\":[\"http:\/\/44.231.215.205\/fr\/equipe-mrex-et-faculte\/\"]}]},{\"@type\":\"BreadcrumbList\",\"@id\":\"http:\/\/44.231.215.205\/fr\/equipe-mrex-et-faculte\/#breadcrumb\",\"itemListElement\":[{\"@type\":\"ListItem\",\"position\":1,\"item\":{\"@type\":\"WebPage\",\"@id\":\"http:\/\/44.231.215.205\/fr\/\",\"url\":\"http:\/\/44.231.215.205\/fr\/\",\"name\":\"Home\"}},{\"@type\":\"ListItem\",\"position\":2,\"item\":{\"@type\":\"WebPage\",\"@id\":\"http:\/\/44.231.215.205\/fr\/equipe-mrex-et-faculte\/\",\"url\":\"http:\/\/44.231.215.205\/fr\/equipe-mrex-et-faculte\/\",\"name\":\"\\u00c9quipe et Facult\\u00e9\"}}]}]}<\/script>\n<!-- \/ Yoast SEO plugin. -->","_links":{"self":[{"href":"https:\/\/mrex.course.studio\/fr\/wp-json\/wp\/v2\/pages\/60","targetHints":{"allow":["GET"]}}],"collection":[{"href":"https:\/\/mrex.course.studio\/fr\/wp-json\/wp\/v2\/pages"}],"about":[{"href":"https:\/\/mrex.course.studio\/fr\/wp-json\/wp\/v2\/types\/page"}],"author":[{"embeddable":true,"href":"https:\/\/mrex.course.studio\/fr\/wp-json\/wp\/v2\/users\/1"}],"replies":[{"embeddable":true,"href":"https:\/\/mrex.course.studio\/fr\/wp-json\/wp\/v2\/comments?post=60"}],"version-history":[{"count":45,"href":"https:\/\/mrex.course.studio\/fr\/wp-json\/wp\/v2\/pages\/60\/revisions"}],"predecessor-version":[{"id":2561,"href":"https:\/\/mrex.course.studio\/fr\/wp-json\/wp\/v2\/pages\/60\/revisions\/2561"}],"wp:attachment":[{"href":"https:\/\/mrex.course.studio\/fr\/wp-json\/wp\/v2\/media?parent=60"}],"curies":[{"name":"wp","href":"https:\/\/api.w.org\/{rel}","templated":true}]}}