{"id":62,"date":"2021-02-11T18:14:11","date_gmt":"2021-02-11T23:14:11","guid":{"rendered":"http:\/\/mrex.localhost\/?page_id=62"},"modified":"2021-04-23T10:53:11","modified_gmt":"2021-04-23T14:53:11","slug":"etudiants-et-alumni","status":"publish","type":"page","link":"https:\/\/mrex.course.studio\/fr\/etudiants-et-alumni\/","title":{"rendered":"Gradu\u00e9s et Alumni"},"content":{"rendered":"\n<section class=\"hero-banner  text-left  Gradu\u00e9s et Alumni\" style=\"background-image:url('https:\/\/mrex.course.studio\/wp-content\/uploads\/2021\/04\/shake-hands-skyscraper-mrex-scaled.jpg');\">\n    <div class=\"hero-banner__gradient\"><\/div>\n        <div class=\"container\">\n        <div class=\"row\">\n            <div class=\"hero-banner__content\">\n                                              \n                                <h2>Gradu\u00e9s et Alumni du Coll\u00e8ge MREX<\/h2>\n                                 \n                                    \n                <div class=\"hero-banner__description\">\n                    <p>Soulignons  la r\u00e9ussite et les efforts de nos dipl\u00f4m\u00e9s suite \u00e0 leur parcours au Coll\u00e8ge MREX<\/p>\n                <\/div>\n                           \n            <\/div>\n        <\/div>    \n    <\/div>\n<\/section>\n\n\n<section class=\"video-w-text\">\n    <div class=\"container\">\n\n        <!-- Modal -->\n        <div class=\"modal fade\" id=\"exampleModal\" tabindex=\"-1\" aria-labelledby=\"exampleModalLabel\" aria-hidden=\"true\">\n            <div class=\"modal-dialog\">\n                <div class=\"modal-content\">\n                    <a class=\"btn-close\" data-bs-dismiss=\"modal\" aria-label=\"Close\"><i class=\"fas fa-times-circle\"><\/i><\/a>\n                    <div class=\"video-container\">\n                        <iframe src=\"https:\/\/www.youtube.com\/embed\/J5ztQGzNAR4\" frameborder=\"0\" allow=\"accelerometer; autoplay; encrypted-media; gyroscope; picture-in-picture\" allowfullscreen><\/iframe>\n                    <\/div>\n                <\/div>\n            <\/div>\n        <\/div>           \n\n\n        <div class=\"row items-center\">\n            <div class=\"col-md-5\">\n                <h4 class=\"video-w-text__headline\">Ce que signifie  \u00eatre un gradu\u00e9  MREX <\/h4>\n                                                    <ul class=\"video-w-text__list\">\n                                            <li>Faire partie d\u2019une groupe d\u2019investisseurs sophistiqu\u00e9s<\/li>\n                                            <li>Avoir d\u00e9velopper un savoir et une expertise pouss\u00e9e<\/li>\n                                            <li>Savoir repousser ses limites et devenir meilleur<\/li>\n                                            <li>S\u2019\u00eatre \u00e9duqu\u00e9 afin de propulser sa carri\u00e8re loin devant<\/li>\n                                        <\/ul>\n                            <\/div>\n            <div class=\"col-md-7\">\n                <a href=\"#\" class=\"video-w-text__thumbnail\" data-bs-toggle=\"modal\" data-bs-target=\"#exampleModal\">\n                    <img decoding=\"async\" src=\"https:\/\/mrex.course.studio\/wp-content\/themes\/mrex\/images\/play-icon.svg\" class=\"video-w-text__play-icon\" \/>\n                    <img decoding=\"async\" src=\"https:\/\/mrex.course.studio\/wp-content\/themes\/mrex\/images\/video-placeholder.png\"\/>\n                <\/a>\n            <\/div>\n        <\/div>\n    <\/div>\n<\/section>\n\n\n<section class=\"graduates-block\">\n    <div class=\"container\">\n        <div class=\"row\">\n            <div class=\"col-md-11\">\n                <div class=\"row\">\n                    <div class=\"col-12\">\n                        <h3 class=\"graduates-block__title\"><\/h3>\n                    <\/div>\n                <\/div>\n\n                <div class=\"row\">\n                    <div class=\"col-md-12\">\n                        <ul class=\"events-page__filters grad-filters clearfix\">\n                                                    \n                            <li><a href=\"#\" class=\"grads-filter\" data-category=\"alumni\" data-id=\"graduates\">Alumni<\/a><\/li>\n                                                    \n                            <li><a href=\"#\" class=\"grads-filter\" data-category=\"gradues-certificat\" data-id=\"graduates\">Gradu\u00e9s Certificat<\/a><\/li>\n                                            <\/ul>\n                    <\/div>\n                <\/div>\n\n                    <div class=\"row graduates-block__certifications grad-block-list\">\n                                            <\/div>\n                    <div class=\"row graduates-block__intensive-programs grad-block-list hidden\">\n                                        <\/div>\n\n            <\/div>\n        <\/div>\n    <\/div>\n<\/section>","protected":false},"excerpt":{"rendered":"","protected":false},"author":1,"featured_media":0,"parent":0,"menu_order":0,"comment_status":"closed","ping_status":"closed","template":"","meta":{"footnotes":""},"class_list":["post-62","page","type-page","status-publish","hentry"],"yoast_head":"<!-- This site is optimized with the Yoast SEO plugin v16.0.2 - https:\/\/yoast.com\/wordpress\/plugins\/seo\/ -->\n<title>Gradu\u00e9s et Alumni - MREX<\/title>\n<meta property=\"og:locale\" content=\"fr_FR\" \/>\n<meta property=\"og:type\" content=\"article\" \/>\n<meta property=\"og:title\" content=\"Gradu\u00e9s et Alumni - MREX\" \/>\n<meta property=\"og:url\" content=\"https:\/\/mrex.course.studio\/fr\/etudiants-et-alumni\/\" \/>\n<meta property=\"og:site_name\" content=\"MREX\" \/>\n<meta property=\"article:modified_time\" content=\"2021-04-23T14:53:11+00:00\" \/>\n<meta property=\"og:image\" content=\"https:\/\/mrex.course.studio\/wp-content\/uploads\/2021\/05\/homepage-hero.jpg\" \/>\n\t<meta property=\"og:image:width\" content=\"1440\" \/>\n\t<meta property=\"og:image:height\" content=\"810\" \/>\n<meta name=\"twitter:card\" content=\"summary_large_image\" \/>\n<script type=\"application\/ld+json\" class=\"yoast-schema-graph\">{\"@context\":\"https:\/\/schema.org\",\"@graph\":[{\"@type\":\"WebSite\",\"@id\":\"http:\/\/44.231.215.205:80\/en\/#website\",\"url\":\"http:\/\/44.231.215.205:80\/en\/\",\"name\":\"MREX\",\"description\":\"\",\"potentialAction\":[{\"@type\":\"SearchAction\",\"target\":\"http:\/\/44.231.215.205:80\/en\/?s={search_term_string}\",\"query-input\":\"required name=search_term_string\"}],\"inLanguage\":\"fr-FR\"},{\"@type\":\"WebPage\",\"@id\":\"https:\/\/mrex.course.studio\/fr\/etudiants-et-alumni\/#webpage\",\"url\":\"https:\/\/mrex.course.studio\/fr\/etudiants-et-alumni\/\",\"name\":\"Gradu\\u00e9s et Alumni - MREX\",\"isPartOf\":{\"@id\":\"http:\/\/44.231.215.205:80\/en\/#website\"},\"datePublished\":\"2021-02-11T23:14:11+00:00\",\"dateModified\":\"2021-04-23T14:53:11+00:00\",\"breadcrumb\":{\"@id\":\"https:\/\/mrex.course.studio\/fr\/etudiants-et-alumni\/#breadcrumb\"},\"inLanguage\":\"fr-FR\",\"potentialAction\":[{\"@type\":\"ReadAction\",\"target\":[\"https:\/\/mrex.course.studio\/fr\/etudiants-et-alumni\/\"]}]},{\"@type\":\"BreadcrumbList\",\"@id\":\"https:\/\/mrex.course.studio\/fr\/etudiants-et-alumni\/#breadcrumb\",\"itemListElement\":[{\"@type\":\"ListItem\",\"position\":1,\"item\":{\"@type\":\"WebPage\",\"@id\":\"https:\/\/mrex.course.studio\/fr\/\",\"url\":\"https:\/\/mrex.course.studio\/fr\/\",\"name\":\"Home\"}},{\"@type\":\"ListItem\",\"position\":2,\"item\":{\"@type\":\"WebPage\",\"@id\":\"https:\/\/mrex.course.studio\/fr\/etudiants-et-alumni\/\",\"url\":\"https:\/\/mrex.course.studio\/fr\/etudiants-et-alumni\/\",\"name\":\"Gradu\\u00e9s et Alumni\"}}]}]}<\/script>\n<!-- \/ Yoast SEO plugin. -->","_links":{"self":[{"href":"https:\/\/mrex.course.studio\/fr\/wp-json\/wp\/v2\/pages\/62","targetHints":{"allow":["GET"]}}],"collection":[{"href":"https:\/\/mrex.course.studio\/fr\/wp-json\/wp\/v2\/pages"}],"about":[{"href":"https:\/\/mrex.course.studio\/fr\/wp-json\/wp\/v2\/types\/page"}],"author":[{"embeddable":true,"href":"https:\/\/mrex.course.studio\/fr\/wp-json\/wp\/v2\/users\/1"}],"replies":[{"embeddable":true,"href":"https:\/\/mrex.course.studio\/fr\/wp-json\/wp\/v2\/comments?post=62"}],"version-history":[{"count":15,"href":"https:\/\/mrex.course.studio\/fr\/wp-json\/wp\/v2\/pages\/62\/revisions"}],"predecessor-version":[{"id":2386,"href":"https:\/\/mrex.course.studio\/fr\/wp-json\/wp\/v2\/pages\/62\/revisions\/2386"}],"wp:attachment":[{"href":"https:\/\/mrex.course.studio\/fr\/wp-json\/wp\/v2\/media?parent=62"}],"curies":[{"name":"wp","href":"https:\/\/api.w.org\/{rel}","templated":true}]}}