{"id":69,"date":"2021-02-11T18:34:16","date_gmt":"2021-02-11T23:34:16","guid":{"rendered":"http:\/\/mrex.localhost\/careers\/"},"modified":"2021-04-28T18:18:34","modified_gmt":"2021-04-28T22:18:34","slug":"carrieres","status":"publish","type":"page","link":"https:\/\/mrex.course.studio\/fr\/carrieres\/","title":{"rendered":"Carrieres"},"content":{"rendered":"\n<section class=\"hero-banner  text-left  Carrieres\" style=\"background-image:url('https:\/\/mrex.course.studio\/wp-content\/uploads\/2021\/02\/blog-post-hero.jpg');\">\n    <div class=\"hero-banner__gradient\"><\/div>\n        <div class=\"container\">\n        <div class=\"row\">\n            <div class=\"hero-banner__content\">\n                                              \n                                <h2>Carri\u00e8res<\/h2>\n                                 \n                                    \n                <div class=\"hero-banner__description\">\n                    <p>Tu souhaites faire partie d&rsquo;une \u00e9quipe en constante croissance, travaillant sur des projets stimulants et innovants? Nous avons sans doute ce qu&rsquo;il te faut!<\/p>\n                <\/div>\n                           \n            <\/div>\n        <\/div>    \n    <\/div>\n<\/section>\n\n\n<section class=\"single-col-block\">\n    <div class=\"container\">\n        <div class=\"row space-center\">\n            <div class=\"col-md-8 rte\">\n                <h2 class=\"single-col-block__headline\">C&rsquo;est quoi travailler chez MREX? <\/h2>\n                <div class=\"single-col-block__headline\"><p>Travailler chez MREX c&rsquo;est se joindre \u00e0 une \u00e9quipe qui veut aider chacun \u00e0 atteindre son plein potentiel, qui se challenge constamment et qui aime avoir du plaisir ensemble. C&rsquo;est sortir de sa zone de confort, pour acqu\u00e9rir de nouvelle comp\u00e9tences et accomplir de nouveaux d\u00e9fis. Nos cinq valeurs fondamentales sont l&rsquo;excellence, l&rsquo;initiative, la passion, la loyaut\u00e9 et l&rsquo;am\u00e9lioration continue. On recherche des gens qui seront pr\u00eats \u00e0 donner leur maximum pour atteindre les objectifs.<\/p>\n<p><span style=\"font-weight: 400;\">\u00c9tant une petite \u00e9quipe, la communication est facile entre les diff\u00e9rents d\u00e9partements et il est encourag\u00e9 de faire part de son opinion et de ses id\u00e9es afin de rendre l\u2019entreprise encore meilleure! La gestion tr\u00e8s humaine permet \u00e0 chacun de s\u2019\u00e9panouir dans son emploi et d\u2019exploiter ses talents au maximum.\u00a0<\/span><\/p>\n<p><span style=\"font-weight: 400;\">Notre structure flexible et en constante am\u00e9lioration permet d\u2019optimiser les processus afin d\u2019assurer le d\u00e9veloppement continue de l\u2019\u00e9quipe et de l\u2019entreprise. Nous travaillons tous ensemble au bon succ\u00e8s de MREX.\u00a0<\/span><\/p>\n<h3><strong>POSTES DISPONIBLES<\/strong><\/h3>\n<p>Programmeur Senior Back End : <a href=\"http:\/\/jgkkjgfk.com\">Voir l&rsquo;offre compl\u00e8te<\/a><\/p>\n<\/div>\n            <\/div>\n        <\/div>\n    <\/div>\n<\/section>\n\n\n<section class=\"form-block black\">\n    <div class=\"container\">\n        <div class=\"col-sm-12\">\n            <div class=\"row space-center\">\n                <div class=\"form-block__headline\">\n                    <h2>Tu aimerais te joindre \u00e0 notre \u00e9quipe? <\/h2>\n                    <span>Tu peux appliquer d\u00e8s maintenant sur l&rsquo;un des postes disponibles ou bien soumettre ta candidature spontan\u00e9e! <\/span>\n                <\/div>\n            <\/div>\n            <div class=\"row form-block__form\">\n                <div class=\"col-md-7\">\n                                                \n                                                    <!--[if lte IE 8]>\n                            <script charset=\"utf-8\" type=\"text\/javascript\" src=\"\/\/js.hsforms.net\/forms\/v2-legacy.js\"><\/script>\n                            <![endif]-->\n                            <script charset=\"utf-8\" type=\"text\/javascript\" src=\"\/\/js.hsforms.net\/forms\/v2.js\"><\/script>\n                            <script>\n                            hbspt.forms.create({\n                                portalId: \"6302202\",\n                                formId: \"288defc2-24eb-4ee4-b0aa-cc0ae1a87379\",\n                                submitButtonClass: 'hbspt-form-submit',\n                                css: '',                                    \n                            });\n                            <\/script>\n                        \n\n                                    <\/div>\n            <\/div>\n        <\/div>\n    <\/div>\n<\/section>","protected":false},"excerpt":{"rendered":"","protected":false},"author":1,"featured_media":0,"parent":0,"menu_order":0,"comment_status":"closed","ping_status":"closed","template":"","meta":{"footnotes":""},"class_list":["post-69","page","type-page","status-publish","hentry"],"yoast_head":"<!-- This site is optimized with the Yoast SEO plugin v16.0.2 - https:\/\/yoast.com\/wordpress\/plugins\/seo\/ -->\n<title>Carrieres - MREX<\/title>\n<meta property=\"og:locale\" content=\"fr_FR\" \/>\n<meta property=\"og:type\" content=\"article\" \/>\n<meta property=\"og:title\" content=\"Carrieres - MREX\" \/>\n<meta property=\"og:url\" content=\"https:\/\/mrex.course.studio\/fr\/carrieres\/\" \/>\n<meta property=\"og:site_name\" content=\"MREX\" \/>\n<meta property=\"article:modified_time\" content=\"2021-04-28T22:18:34+00:00\" \/>\n<meta property=\"og:image\" content=\"https:\/\/mrex.course.studio\/wp-content\/uploads\/2021\/05\/homepage-hero.jpg\" \/>\n\t<meta property=\"og:image:width\" content=\"1440\" \/>\n\t<meta property=\"og:image:height\" content=\"810\" \/>\n<meta name=\"twitter:card\" content=\"summary_large_image\" \/>\n<script type=\"application\/ld+json\" class=\"yoast-schema-graph\">{\"@context\":\"https:\/\/schema.org\",\"@graph\":[{\"@type\":\"WebSite\",\"@id\":\"http:\/\/44.231.215.205\/fr\/#website\",\"url\":\"http:\/\/44.231.215.205\/fr\/\",\"name\":\"MREX\",\"description\":\"\",\"potentialAction\":[{\"@type\":\"SearchAction\",\"target\":\"http:\/\/44.231.215.205\/fr\/?s={search_term_string}\",\"query-input\":\"required name=search_term_string\"}],\"inLanguage\":\"fr-FR\"},{\"@type\":\"WebPage\",\"@id\":\"https:\/\/mrex.course.studio\/fr\/carrieres\/#webpage\",\"url\":\"https:\/\/mrex.course.studio\/fr\/carrieres\/\",\"name\":\"Carrieres - MREX\",\"isPartOf\":{\"@id\":\"http:\/\/44.231.215.205\/fr\/#website\"},\"datePublished\":\"2021-02-11T23:34:16+00:00\",\"dateModified\":\"2021-04-28T22:18:34+00:00\",\"breadcrumb\":{\"@id\":\"https:\/\/mrex.course.studio\/fr\/carrieres\/#breadcrumb\"},\"inLanguage\":\"fr-FR\",\"potentialAction\":[{\"@type\":\"ReadAction\",\"target\":[\"https:\/\/mrex.course.studio\/fr\/carrieres\/\"]}]},{\"@type\":\"BreadcrumbList\",\"@id\":\"https:\/\/mrex.course.studio\/fr\/carrieres\/#breadcrumb\",\"itemListElement\":[{\"@type\":\"ListItem\",\"position\":1,\"item\":{\"@type\":\"WebPage\",\"@id\":\"http:\/\/44.231.215.205\/fr\/\",\"url\":\"http:\/\/44.231.215.205\/fr\/\",\"name\":\"Home\"}},{\"@type\":\"ListItem\",\"position\":2,\"item\":{\"@type\":\"WebPage\",\"@id\":\"https:\/\/mrex.course.studio\/fr\/carrieres\/\",\"url\":\"https:\/\/mrex.course.studio\/fr\/carrieres\/\",\"name\":\"Carrieres\"}}]}]}<\/script>\n<!-- \/ Yoast SEO plugin. -->","_links":{"self":[{"href":"https:\/\/mrex.course.studio\/fr\/wp-json\/wp\/v2\/pages\/69","targetHints":{"allow":["GET"]}}],"collection":[{"href":"https:\/\/mrex.course.studio\/fr\/wp-json\/wp\/v2\/pages"}],"about":[{"href":"https:\/\/mrex.course.studio\/fr\/wp-json\/wp\/v2\/types\/page"}],"author":[{"embeddable":true,"href":"https:\/\/mrex.course.studio\/fr\/wp-json\/wp\/v2\/users\/1"}],"replies":[{"embeddable":true,"href":"https:\/\/mrex.course.studio\/fr\/wp-json\/wp\/v2\/comments?post=69"}],"version-history":[{"count":32,"href":"https:\/\/mrex.course.studio\/fr\/wp-json\/wp\/v2\/pages\/69\/revisions"}],"predecessor-version":[{"id":2529,"href":"https:\/\/mrex.course.studio\/fr\/wp-json\/wp\/v2\/pages\/69\/revisions\/2529"}],"wp:attachment":[{"href":"https:\/\/mrex.course.studio\/fr\/wp-json\/wp\/v2\/media?parent=69"}],"curies":[{"name":"wp","href":"https:\/\/api.w.org\/{rel}","templated":true}]}}